{"id":1612,"date":"2016-11-09T19:10:20","date_gmt":"2016-11-09T19:10:20","guid":{"rendered":"http:\/\/auto.vladpavlovski.com\/?page_id=1612"},"modified":"2020-10-12T12:52:17","modified_gmt":"2020-10-12T12:52:17","slug":"pneuservis","status":"publish","type":"page","link":"https:\/\/www.autohouser.cz\/?page_id=1612","title":{"rendered":"Pneuservis"},"content":{"rendered":"<p>[vc_row equal_height=&#8220;yes&#8220; content_placement=&#8220;top&#8220; css=&#8220;.vc_custom_1529353666068{margin-top: 0px !important;}&#8220;][vc_column width=&#8220;1\/2&#8243; css=&#8220;.vc_custom_1484488306466{margin-top: 0px !important;border-top-width: 0px !important;padding-top: 0px !important;}&#8220;][vc_column_text]<span style=\"color: #000000;\"><strong>Pneuservis<\/strong> je od roku\u00a0 2014 certifikovan\u00fdm prodejn\u00edm m\u00edstem v\u00fdrobce pneumatik MICHELIN, z\u00e1rove\u0148 jsme i nejv\u011bt\u0161\u00ed retailov\u00fd servis pneumatik PIRELLI v \u010cesk\u00e9 republice.\u00a0<\/span><\/p>\n<p><span style=\"color: #000000;\">Disponujeme\u00a0pneuservisem s vysokou kapacitou a vlastn\u00ed skladovou z\u00e1sobou pneumatik p\u0159\u00edmo od v\u00fdrobce.<\/span><\/p>\n<p><span style=\"color: #000000;\">V na\u0161\u00ed provozovn\u011b V\u00e1m r\u00e1di nab\u00eddneme na\u0161e slu\u017eby p\u0159i prodeji a mont\u00e1\u017ei pneumatik, oprav\u00e1ch disk\u016f a \u0159adu dal\u0161\u00edch slu\u017eeb pro motoristy v\u010detn\u011b usklad\u011bn\u00ed va\u0161ich pneumatik.<\/span>[\/vc_column_text][\/vc_column][vc_column width=&#8220;1\/2&#8243;]<figure class=\"sc_image  sc_image_shape_square\" style=\"width:500px;\"><img decoding=\"async\" src=\"https:\/\/www.autohouser.cz\/wp-content\/uploads\/2018\/06\/Screen-Shot-2018-06-26-at-22.00.41-500x238.png\" alt=\"\" \/><\/figure>[\/vc_column][\/vc_row][vc_row][vc_column][vc_empty_space height=&#8220;64px&#8220;][\/vc_column][\/vc_row][vc_row][vc_column][vc_text_separator title=&#8220;Slu\u017eby pneuservisu&#8220; color=&#8220;custom&#8220; css=&#8220;.vc_custom_1484487410115{margin-top: 0px !important;margin-bottom: 0px !important;}&#8220; accent_color=&#8220;#cb3933&#8243;][\/vc_column][\/vc_row][vc_row][vc_column width=&#8220;1\/2&#8243;]<ul class=\"sc_list sc_list_style_ul\" style=\"margin-top:25px;\"><li class=\"sc_list_item odd first\" title=\"prodej nov\u00fdch tuzemsk\u00fdch i zahrani\u010dn\u00edch pneu a disk\u016f (alu i plechov\u00fdch)\"><span><\/span>prodej nov\u00fdch tuzemsk\u00fdch i zahrani\u010dn\u00edch pneu a disk\u016f (alu i plechov\u00fdch)<\/li><li class=\"sc_list_item even\" title=\"prodej p\u0159\u00edslu\u0161enstv\u00ed ke kol\u016fm - \u0161rouby, matice, poklice atd.\"><span><\/span>prodej p\u0159\u00edslu\u0161enstv\u00ed ke kol\u016fm &#8211; \u0161rouby, matice, poklice atd.<\/li><li class=\"sc_list_item odd\" title=\"nov\u011b prov\u00e1d\u00edme prodej, mont\u00e1\u017e a servis ventil\u016f monitoruj\u00edc\u00edch tlak v pneumatik\u00e1ch (zn\u00e1m\u00e9 pod ozna\u010den\u00edm TMPS)\"><span><\/span>nov\u011b prov\u00e1d\u00edme prodej, mont\u00e1\u017e a servis ventil\u016f monitoruj\u00edc\u00edch tlak v pneumatik\u00e1ch (zn\u00e1m\u00e9 pod ozna\u010den\u00edm TMPS)<\/li><li class=\"sc_list_item even\" title=\"mont\u00e1\u017e a opravy du\u0161ov\u00fdch a bezdu\u0161ov\u00fdch pneumatik na v\u0161echny typy voz\u016f a pneu \"><span><\/span>mont\u00e1\u017e a opravy du\u0161ov\u00fdch a bezdu\u0161ov\u00fdch pneumatik na v\u0161echny typy voz\u016f a pneu<\/li><\/ul>[\/vc_column][vc_column width=&#8220;1\/2&#8243;]<ul class=\"sc_list sc_list_style_ul\" style=\"margin-top:25px;\"><li class=\"sc_list_item odd first\" title=\"pr\u00e1ce je prov\u00e1d\u011bna na nejmodern\u011bj\u0161\u00edch stroj\u00edch a za\u0159\u00edzen\u00ed - v\u0161e bez \u010dek\u00e1n\u00ed\"><span><\/span>pr\u00e1ce je prov\u00e1d\u011bna na nejmodern\u011bj\u0161\u00edch stroj\u00edch a za\u0159\u00edzen\u00ed &#8211; v\u0161e bez \u010dek\u00e1n\u00ed<\/li><li class=\"sc_list_item even\" title=\"opravy plechov\u00fdch\/alu disk\u016f\"><span><\/span>opravy\u00a0plechov\u00fdch\/alu disk\u016f<\/li><li class=\"sc_list_item odd\" title=\"usklad\u011bn\u00ed pneumatik\"><span><\/span>usklad\u011bn\u00ed pneumatik<\/li><li class=\"sc_list_item even\" title=\"konfigur\u00e1tor lit\u00fdch kol na http:\/\/www.superpneu.cz\"><span><\/span>konfigur\u00e1tor lit\u00fdch kol na <a href=\"http:\/\/www.superpneu.cz\">http:\/\/www.superpneu.cz<\/a><\/li><\/ul>[\/vc_column][\/vc_row][vc_row][vc_column][vc_column_text]<span style=\"color: #000000;\">Prod\u00e1v\u00e1me pneumatiky zna\u010dek : Pirelli, Michelin, Kleber, BFGoodrich, Kormoran, GoodYear, Dunlop, Fulda, Nokina, Formula, Barum, Matador, Continental a nov\u011b od roku 2016 pneumatiky Nexen. Samoz\u0159ejmost\u00ed je objedn\u00e1n\u00ed i jin\u00fdch zna\u010dek dle p\u0159\u00e1n\u00ed z\u00e1kazn\u00edka.<\/span>[\/vc_column_text][\/vc_column][\/vc_row][vc_row][vc_column][vc_empty_space][\/vc_column][\/vc_row][vc_row][vc_column][vc_text_separator title=&#8220;Kontakty&#8220; color=&#8220;custom&#8220; accent_color=&#8220;#cb3933&#8243;][vc_column_text]<\/p>\n<p style=\"text-align: center;\"><span style=\"color: #000000;\">P\u0159\u00edlepsk\u00e1 1233, Roztoky, 252 63<\/span><\/p>\n<p>[\/vc_column_text][vc_empty_space height=&#8220;48px&#8220;][\/vc_column][\/vc_row][vc_row][vc_column]<div class=\"columns_wrap sc_columns columns_nofluid sc_columns_count_2\"><div class=\"column-1_2 sc_column_item sc_column_item_1 odd first\">[vc_column_text]<strong><span style=\"color: #000000;\">Otev\u00edrac\u00ed doba: <\/span><\/strong><br \/>\n<strong><span style=\"color: #000000;\">pond\u011bl\u00ed &#8211; p\u00e1tek 08:00 &#8211; 17:00<\/span><\/strong><br \/>\n<strong><span style=\"color: #000000;\">Sobota \u0159\u00edjen-15.prosinec a duben-\u010derven 08:00-12:00<\/span><\/strong><\/p>\n<table class=\"contacts__table\">\n<tbody>\n<tr>\n<td>\n<div style=\"color: #000000;\">telefon-objedn\u00e1n\u00ed p\u0159ezut\u00ed<\/div>\n<\/td>\n<td><a style=\"color: #000000;\" href=\"callto: 00420220911128\">220 911 128<\/a><\/td>\n<\/tr>\n<tr>\n<td>\n<div style=\"color: #000000;\">email<\/div>\n<div><\/div>\n<div>Online objedn\u00e1n\u00ed p\u0159ezut\u00ed<\/div>\n<\/td>\n<td><a style=\"color: #000000;\" href=\"mailto:pneuservis@autohouser.cz\">pneuservis@autohouser.cz<\/a><\/p>\n<p><a href=\"https:\/\/www.superpneu.cz\/objednani-prezuti\">https:\/\/www.superpneu.cz\/objednani-prezuti<\/a><\/td>\n<\/tr>\n<tr>\n<td>\n<div><strong>Lum\u00edr Novotn\u00fd<\/strong><\/div>\n<div>vedouc\u00ed pneuservisu<\/div>\n<div><\/div>\n<\/td>\n<td style=\"text-align: left;\"><a href=\"callto: 00420774115334\">774 115 334<\/a><\/td>\n<\/tr>\n<tr>\n<td><\/td>\n<td><\/td>\n<\/tr>\n<tr>\n<td>\n<div><strong>Kmoch Michal<\/strong><\/div>\n<div>Mistr d\u00edlny<\/div>\n<div><\/div>\n<\/td>\n<td><a href=\"callto: 00420608638173\">608 638 173<\/a><\/td>\n<\/tr>\n<\/tbody>\n<\/table>\n<p>[\/vc_column_text]<\/div><div class=\"column-1_2 sc_column_item sc_column_item_2 even\"><figure class=\"sc_image  sc_image_shape_square\" style=\"width:500px;\"><img decoding=\"async\" src=\"https:\/\/www.autohouser.cz\/wp-content\/uploads\/2015\/06\/autohouser_pneuservis_roztoky-500x375.jpg\" alt=\"\" \/><\/figure><\/div><\/div>[\/vc_column][\/vc_row]<\/p>\n","protected":false},"excerpt":{"rendered":"<p>[vc_row equal_height=&#8220;yes&#8220; content_placement=&#8220;top&#8220; css=&#8220;.vc_custom_1529353666068{margin-top: 0px !important;}&#8220;][vc_column width=&#8220;1\/2&#8243; css=&#8220;.vc_custom_1484488306466{margin-top: 0px !important;border-top-width: 0px !important;padding-top: 0px !important;}&#8220;][vc_column_text]Pneuservis je od roku\u00a0 2014 certifikovan\u00fdm prodejn\u00edm m\u00edstem v\u00fdrobce pneumatik MICHELIN, z\u00e1rove\u0148 jsme i nejv\u011bt\u0161\u00ed retailov\u00fd servis pneumatik PIRELLI v \u010cesk\u00e9 republice.\u00a0 Disponujeme\u00a0pneuservisem s vysokou kapacitou a vlastn\u00ed skladovou z\u00e1sobou pneumatik p\u0159\u00edmo od v\u00fdrobce. V na\u0161\u00ed provozovn\u011b V\u00e1m r\u00e1di nab\u00eddneme na\u0161e slu\u017eby [&hellip;]<\/p>\n","protected":false},"author":2,"featured_media":0,"parent":0,"menu_order":0,"comment_status":"closed","ping_status":"closed","template":"","meta":{"footnotes":""},"class_list":["post-1612","page","type-page","status-publish","hentry"],"_links":{"self":[{"href":"https:\/\/www.autohouser.cz\/index.php?rest_route=\/wp\/v2\/pages\/1612","targetHints":{"allow":["GET"]}}],"collection":[{"href":"https:\/\/www.autohouser.cz\/index.php?rest_route=\/wp\/v2\/pages"}],"about":[{"href":"https:\/\/www.autohouser.cz\/index.php?rest_route=\/wp\/v2\/types\/page"}],"author":[{"embeddable":true,"href":"https:\/\/www.autohouser.cz\/index.php?rest_route=\/wp\/v2\/users\/2"}],"replies":[{"embeddable":true,"href":"https:\/\/www.autohouser.cz\/index.php?rest_route=%2Fwp%2Fv2%2Fcomments&post=1612"}],"version-history":[{"count":7,"href":"https:\/\/www.autohouser.cz\/index.php?rest_route=\/wp\/v2\/pages\/1612\/revisions"}],"predecessor-version":[{"id":2638,"href":"https:\/\/www.autohouser.cz\/index.php?rest_route=\/wp\/v2\/pages\/1612\/revisions\/2638"}],"wp:attachment":[{"href":"https:\/\/www.autohouser.cz\/index.php?rest_route=%2Fwp%2Fv2%2Fmedia&parent=1612"}],"curies":[{"name":"wp","href":"https:\/\/api.w.org\/{rel}","templated":true}]}}