{"id":1788,"date":"2017-02-05T09:09:06","date_gmt":"2017-02-05T09:09:06","guid":{"rendered":"http:\/\/auto.vladpavlovski.com\/?page_id=1788"},"modified":"2019-12-19T08:14:14","modified_gmt":"2019-12-19T08:14:14","slug":"stk-emise","status":"publish","type":"page","link":"https:\/\/www.autohouser.cz\/?page_id=1788","title":{"rendered":"STK &#038; Emise"},"content":{"rendered":"<p>[vc_row equal_height=&#8220;yes&#8220; content_placement=&#8220;top&#8220;][vc_column width=&#8220;1\/2&#8243; css=&#8220;.vc_custom_1484488306466{margin-top: 0px !important;border-top-width: 0px !important;padding-top: 0px !important;}&#8220;][vc_column_text]<span style=\"color: #000000;\">Na va\u0161em voze provedeme m\u011b\u0159en\u00ed emis\u00ed a kontrolu STK &#8211; kvalitn\u011b, rychle a bez zbyte\u010dn\u00e9ho \u010dek\u00e1n\u00ed. Od n\u00e1s odjedete se zelenou i \u010dervenou zn\u00e1mkou, a hlavn\u011b s vozidlem, kter\u00e9 je v po\u0159\u00e1dku.<\/span><\/p>\n<p><span style=\"color: #000000;\">Nab\u00edz\u00edme V\u00e1m n\u00e1sleduj\u00edc\u00ed slu\u017eby pro v\u0161echny typy vozidel:<\/span><\/p>\n<ul>\n<li><span style=\"color: #000000;\">vy\u0159\u00edzen\u00ed STK ( \u010derven\u00e1 zn\u00e1mka )<\/span><\/li>\n<li><span style=\"color: #000000;\">m\u011b\u0159en\u00ed emis\u00ed (zelen\u00e1 zn\u00e1mka )<\/span><\/li>\n<li><span style=\"color: #000000;\">eviden\u010dn\u00ed kontrola (pot\u0159ebujete p\u0159i registraci vozidla)<\/span><\/li>\n<\/ul>\n<p>[\/vc_column_text][\/vc_column][vc_column width=&#8220;1\/2&#8243;]<figure class=\"sc_image  sc_image_shape_square\" style=\"width:500px;\"><img decoding=\"async\" src=\"https:\/\/www.autohouser.cz\/wp-content\/uploads\/2018\/06\/Screen-Shot-2018-06-26-at-22.22.29-500x237.png\" alt=\"\" \/><\/figure>[\/vc_column][\/vc_row][vc_row][vc_column][vc_empty_space height=&#8220;64px&#8220;][\/vc_column][\/vc_row][vc_row][vc_column][vc_text_separator title=&#8220;STK a Emise&#8220; color=&#8220;custom&#8220; css=&#8220;.vc_custom_1506194420922{margin-top: 0px !important;margin-bottom: 0px !important;}&#8220; accent_color=&#8220;#cb3933&#8243;][\/vc_column][\/vc_row][vc_row][vc_column][vc_empty_space][\/vc_column][\/vc_row][vc_row][vc_column]<div class=\"columns_wrap sc_columns columns_nofluid sc_columns_count_2\"><div class=\"column-1_2 sc_column_item sc_column_item_1 odd first\">[vc_btn title=&#8220;STK a Emise&#8220; color=&#8220;danger&#8220; size=&#8220;lg&#8220; align=&#8220;center&#8220; link=&#8220;url:http%3A%2F%2Fwww.vyrizenistk.cz%2Fcs%2Fhomepage|title:Vy%C5%99%C3%ADzen%C3%AD%20STK%20a%20emis%C3%AD|target:%20_blank&#8220;][vc_column_text]<\/p>\n<p style=\"text-align: justify;\"><span style=\"color: #000000;\">Detailn\u00ed informace o STK a emis\u00edch na na\u0161ich speci\u00e1ln\u00edch str\u00e1nk\u00e1ch.<\/span><\/p>\n<p>[\/vc_column_text]<\/div><div class=\"column-1_2 sc_column_item sc_column_item_2 even\">[vc_btn title=&#8220;P\u0159ipome\u0148 mi moji STK&#8220; color=&#8220;danger&#8220; size=&#8220;lg&#8220; align=&#8220;center&#8220; link=&#8220;url:http%3A%2F%2Fwww.vyrizenistk.cz%2Fcs%2Fpripomen_mi_termin_me_stk|title:P%C5%99ipome%C5%88%20mi%20moji%20STK|target:%20_blank&#8220;][vc_column_text]<\/p>\n<p style=\"text-align: justify;\"><span style=\"color: #000000;\">Pokud pravideln\u011b zapom\u00edn\u00e1te na term\u00edn ukon\u010den\u00ed va\u0161\u00ed STK, sv\u011b\u0159te se kompletn\u011b do na\u0161\u00ed p\u00e9\u010de &#8211; zaregistujte se a my se postar\u00e1me o to, aby v\u00e1m technick\u00e1 ji\u017e nikdy nepropadla.<\/span><\/p>\n<p>[\/vc_column_text]<\/div><\/div>[\/vc_column][\/vc_row][vc_row][vc_column][vc_empty_space height=&#8220;64px&#8220;][\/vc_column][\/vc_row][vc_row][vc_column][vc_text_separator title=&#8220;Kontakt&#8220; color=&#8220;custom&#8220; css=&#8220;.vc_custom_1529866098936{margin-top: 0px !important;margin-bottom: 0px !important;}&#8220; accent_color=&#8220;#cb3933&#8243;][vc_column_text]<\/p>\n<p style=\"text-align: center;\"><span style=\"color: #000000;\">P\u0159\u00edlepsk\u00e1 1707, Roztoky, 252 63<\/span><\/p>\n<p>[\/vc_column_text][vc_empty_space height=&#8220;48px&#8220;][\/vc_column][\/vc_row][vc_row][vc_column]<div class=\"columns_wrap sc_columns columns_nofluid sc_columns_count_2\"><div class=\"column-1_2 sc_column_item sc_column_item_1 odd first\">[vc_column_text]<strong><span style=\"color: #000000;\">Otev\u00edrac\u00ed doba: <\/span><\/strong><br \/>\n<strong><span style=\"color: #000000;\">pond\u011bl\u00ed &#8211; p\u00e1tek 07:30 &#8211; 17:00<\/span><\/strong><\/p>\n<table class=\"contacts__table\">\n<tbody>\n<tr>\n<td>\n<div style=\"color: #000000;\">telefon<\/div>\n<\/td>\n<td><a href=\"callto: 00420233910042\">233 910 042<\/a><\/td>\n<\/tr>\n<tr>\n<td>\n<div style=\"color: #000000;\">email<\/div>\n<div><\/div>\n<\/td>\n<td><a style=\"color: #000000;\" href=\"mailto:servis@autohouser.cz\">servis@autohouser.cz<\/a><\/td>\n<\/tr>\n<tr>\n<td><\/td>\n<td style=\"text-align: left;\"><\/td>\n<\/tr>\n<tr>\n<td>\n<div><strong>Jaroslav Honc<\/strong><\/div>\n<div>Vedouc\u00ed\u00a0 stanice me\u0159en\u00ed emis\u00ed<\/div>\n<div><\/div>\n<\/td>\n<td><a href=\"callto: 00420605173615\">605 173 615<\/a><\/td>\n<\/tr>\n<tr>\n<td>\u00a0V p\u0159\u00edpad\u011b voln\u00e9 kapacity linky je p\u0159\u00edjem posledn\u00edho vozidla 45 min p\u0159ed koncem pracovn\u00ed doby.<\/td>\n<\/tr>\n<\/tbody>\n<\/table>\n<p>[\/vc_column_text]<\/div><div class=\"column-1_2 sc_column_item sc_column_item_2 even\"><figure class=\"sc_image  sc_image_shape_square\" style=\"width:500px;\"><img decoding=\"async\" src=\"https:\/\/www.autohouser.cz\/wp-content\/uploads\/2016\/10\/autoservis-500x300.jpg\" alt=\"\" \/><\/figure><\/div><\/div>[\/vc_column][\/vc_row]<\/p>\n","protected":false},"excerpt":{"rendered":"<p>[vc_row equal_height=&#8220;yes&#8220; content_placement=&#8220;top&#8220;][vc_column width=&#8220;1\/2&#8243; css=&#8220;.vc_custom_1484488306466{margin-top: 0px !important;border-top-width: 0px !important;padding-top: 0px !important;}&#8220;][vc_column_text]Na va\u0161em voze provedeme m\u011b\u0159en\u00ed emis\u00ed a kontrolu STK &#8211; kvalitn\u011b, rychle a bez zbyte\u010dn\u00e9ho \u010dek\u00e1n\u00ed. Od n\u00e1s odjedete se zelenou i \u010dervenou zn\u00e1mkou, a hlavn\u011b s vozidlem, kter\u00e9 je v po\u0159\u00e1dku. Nab\u00edz\u00edme V\u00e1m n\u00e1sleduj\u00edc\u00ed slu\u017eby pro v\u0161echny typy vozidel: vy\u0159\u00edzen\u00ed STK ( \u010derven\u00e1 zn\u00e1mka [&hellip;]<\/p>\n","protected":false},"author":2,"featured_media":0,"parent":0,"menu_order":0,"comment_status":"closed","ping_status":"closed","template":"","meta":{"footnotes":""},"class_list":["post-1788","page","type-page","status-publish","hentry"],"_links":{"self":[{"href":"https:\/\/www.autohouser.cz\/index.php?rest_route=\/wp\/v2\/pages\/1788","targetHints":{"allow":["GET"]}}],"collection":[{"href":"https:\/\/www.autohouser.cz\/index.php?rest_route=\/wp\/v2\/pages"}],"about":[{"href":"https:\/\/www.autohouser.cz\/index.php?rest_route=\/wp\/v2\/types\/page"}],"author":[{"embeddable":true,"href":"https:\/\/www.autohouser.cz\/index.php?rest_route=\/wp\/v2\/users\/2"}],"replies":[{"embeddable":true,"href":"https:\/\/www.autohouser.cz\/index.php?rest_route=%2Fwp%2Fv2%2Fcomments&post=1788"}],"version-history":[{"count":6,"href":"https:\/\/www.autohouser.cz\/index.php?rest_route=\/wp\/v2\/pages\/1788\/revisions"}],"predecessor-version":[{"id":2518,"href":"https:\/\/www.autohouser.cz\/index.php?rest_route=\/wp\/v2\/pages\/1788\/revisions\/2518"}],"wp:attachment":[{"href":"https:\/\/www.autohouser.cz\/index.php?rest_route=%2Fwp%2Fv2%2Fmedia&parent=1788"}],"curies":[{"name":"wp","href":"https:\/\/api.w.org\/{rel}","templated":true}]}}