{"id":1831,"date":"2017-09-11T18:59:59","date_gmt":"2017-09-11T18:59:59","guid":{"rendered":"http:\/\/auto.vladpavlovski.com\/?page_id=1831"},"modified":"2025-12-08T16:13:29","modified_gmt":"2025-12-08T16:13:29","slug":"home-3","status":"publish","type":"page","link":"https:\/\/www.autohouser.cz\/","title":{"rendered":"00. Home (bez side Nav)"},"content":{"rendered":"<p>[vc_row][vc_column width=&#8220;2\/3&#8243;][vc_column_text]<\/p>\n<p style=\"text-align: left;\"><span style=\"color: #cb3900;\"><strong>V\u00edtejte na str\u00e1nk\u00e1ch na\u0161eho servisu&nbsp;v Roztok\u00e1ch u Prahy .<\/strong><\/span><\/p>\n<p style=\"text-align: left;\"><span style=\"color: #000000;\">N\u00e1\u0161 rodinn\u00fd autoservis&nbsp;se zab\u00fdv\u00e1 ve\u0161ker\u00fdmi opravami motorov\u00fdch vozidel v\u010detn\u011b voz\u016f MPV, SUV, OFFROAD, LKW . Budou se v\u00e1m v\u011bnovat profesion\u00e1ln\u011b pro\u0161kolen\u00ed pracovn\u00edci s dlouholetou prax\u00ed v dan\u00e9m oboru.&nbsp;<\/span><span style=\"color: #000000;\">Nab\u00edz\u00edme absolutn\u011b profesion\u00e1ln\u00ed servis s nadstandardn\u00edmu slu\u017ebami&nbsp;a p\u0159\u00edstupem v\u0161ech pracovn\u00edk\u016f.<\/span><\/p>\n<p style=\"text-align: left;\"><span style=\"color: #000000;\">D\u011bkujeme v\u0161em na\u0161im z\u00e1kazn\u00edk\u016fm za d\u016fv\u011bru a t\u011b\u0161\u00edme se na nov\u00e9 spokojen\u00e9 z\u00e1kazn\u00edky.<\/span><\/p>\n<p style=\"text-align: left;\"><span style=\"color: #000000;\">Petr Houser, majitel<\/span><\/p>\n<p>[\/vc_column_text][\/vc_column][vc_column width=&#8220;1\/3&#8243;][vc_column_text]<span style=\"color: #cb3900;\"><strong>Novinky<\/strong><\/span><\/p>\n<p style=\"text-align: left;\"><strong>Otev\u00edrac\u00ed doba o v\u00e1no\u010dn\u00edch sv\u00e1tc\u00edch:\u00a0<\/strong><\/p>\n<ul>\n<li>Pond\u011bl\u00ed 22.12.2025 &#8211; do 15h<\/li>\n<li>\u00dater\u00fd 23.12.2025 &#8211; do 15h<\/li>\n<li>St\u0159eda 24.12.2025 &#8211; ZAV\u0158ENO<\/li>\n<li>\u010ctvrtek 25.12.2025 &#8211; ZAV\u0158ENO<\/li>\n<li>P\u00e1tek 26.12.2025 &#8211; ZAV\u0158ENO<\/li>\n<li>Pond\u011bl\u00ed 29.12.2025 &#8211; do 15h<\/li>\n<li>\u00dater\u00fd 30.12.2025 &#8211; do 15h<\/li>\n<li>St\u0159eda 31.12.2025 &#8211; ZAV\u0158ENO<\/li>\n<li>\u010ctvrtek 1.1.2026 &#8211; ZAV\u0158ENO<\/li>\n<li>P\u00e1tek 1.2.2026 &#8211; ZAV\u0158ENO<\/li>\n<\/ul>\n<p><strong>T\u011b\u0161\u00edme se na v\u00e1s v nov\u00e9m roce 2026.<\/strong>[\/vc_column_text][\/vc_column][\/vc_row][vc_row][vc_column][vc_empty_space][\/vc_column][\/vc_row][vc_row][vc_column][vc_text_separator title=&#8220;na\u0161e slu\u017eby&#8220; color=&#8220;custom&#8220; accent_color=&#8220;#cb3933&#8243;][\/vc_column][\/vc_row][vc_row][vc_column]<div class=\"sc_section\" style=\"margin-top:32px !important;\"><div class=\"columns_wrap sc_columns columns_nofluid sc_columns_count_4\"><div class=\"column-1_4 sc_column_item sc_column_item_1 odd first\">[vc_custom_heading text=&#8220;Autoservis&#8220; font_container=&#8220;tag:h5|text_align:center|color:%23cb3933&#8243; google_fonts=&#8220;font_family:Merriweather%20Sans%3A300%2C300italic%2Cregular%2Citalic%2C700%2C700italic%2C800%2C800italic|font_style:300%20light%20regular%3A300%3Anormal&#8220; css=&#8220;.vc_custom_1530450755497{margin-top: -32px !important;}&#8220; link=&#8220;url:https%3A%2F%2Fwww.autohouser.cz%2F%3Fpage_id%3D1761||&#8220;]<figure class=\"sc_image  sc_image_shape_square\"><img decoding=\"async\" src=\"https:\/\/www.autohouser.cz\/wp-content\/uploads\/2018\/06\/Screen-Shot-2018-06-26-at-22.11.20.png\" alt=\"\" \/><\/figure>[vc_empty_space height=&#8220;48px&#8220;][vc_column_text css=&#8220;.vc_custom_1516544508927{border-radius: 5px !important;}&#8220;][\/vc_column_text]<\/div><div class=\"column-1_4 sc_column_item sc_column_item_2 even\">[vc_custom_heading text=&#8220;Pneuservis&#8220; font_container=&#8220;tag:h5|text_align:center|color:%23cb3933&#8243; google_fonts=&#8220;font_family:Merriweather%20Sans%3A300%2C300italic%2Cregular%2Citalic%2C700%2C700italic%2C800%2C800italic|font_style:300%20light%20regular%3A300%3Anormal&#8220; css=&#8220;.vc_custom_1530450768952{margin-top: -32px !important;}&#8220; link=&#8220;url:https%3A%2F%2Fwww.autohouser.cz%2F%3Fpage_id%3D1612||&#8220;]<figure class=\"sc_image  sc_image_shape_square\"><img decoding=\"async\" src=\"https:\/\/www.autohouser.cz\/wp-content\/uploads\/2018\/06\/Screen-Shot-2018-06-26-at-22.00.41.png\" alt=\"\" \/><\/figure>[vc_empty_space height=&#8220;48px&#8220;][vc_column_text css=&#8220;.vc_custom_1516544517102{border-radius: 5px !important;}&#8220;][\/vc_column_text]<\/div><div class=\"column-1_4 sc_column_item sc_column_item_3 odd\">[vc_custom_heading text=&#8220;STK &amp; Emise&#8220; font_container=&#8220;tag:h5|text_align:center|color:%23cb3933&#8243; google_fonts=&#8220;font_family:Merriweather%20Sans%3A300%2C300italic%2Cregular%2Citalic%2C700%2C700italic%2C800%2C800italic|font_style:300%20light%20regular%3A300%3Anormal&#8220; css=&#8220;.vc_custom_1530450782463{margin-top: -32px !important;}&#8220; link=&#8220;url:https%3A%2F%2Fwww.autohouser.cz%2F%3Fpage_id%3D1788||&#8220;]<figure class=\"sc_image  sc_image_shape_square\"><img decoding=\"async\" src=\"https:\/\/www.autohouser.cz\/wp-content\/uploads\/2018\/06\/Screen-Shot-2018-06-26-at-22.22.29.png\" alt=\"\" \/><\/figure>[vc_empty_space height=&#8220;48px&#8220;][vc_column_text css=&#8220;.vc_custom_1516544525164{border-radius: 5px !important;}&#8220;][\/vc_column_text]<\/div><div class=\"column-1_4 sc_column_item sc_column_item_4 even\">[vc_custom_heading text=&#8220;Autod\u00edly&#8220; font_container=&#8220;tag:h5|text_align:center|color:%23cb3933&#8243; google_fonts=&#8220;font_family:Merriweather%20Sans%3A300%2C300italic%2Cregular%2Citalic%2C700%2C700italic%2C800%2C800italic|font_style:300%20light%20regular%3A300%3Anormal&#8220; css=&#8220;.vc_custom_1530450803590{margin-top: -32px !important;}&#8220; link=&#8220;url:https%3A%2F%2Fwww.autohouser.cz%2F%3Fpage_id%3D1797||&#8220;]<figure class=\"sc_image  sc_image_shape_square\"><img decoding=\"async\" src=\"https:\/\/www.autohouser.cz\/wp-content\/uploads\/2018\/06\/Screen-Shot-2018-06-26-at-22.30.54.png\" alt=\"\" \/><\/figure>[vc_empty_space height=&#8220;48px&#8220;][vc_column_text css=&#8220;.vc_custom_1516544533782{border-radius: 5px !important;}&#8220;][\/vc_column_text]<\/div><\/div><div class=\"columns_wrap sc_columns columns_nofluid sc_columns_count_4\"><div class=\"column-1_4 sc_column_item sc_column_item_1 odd first\">[vc_custom_heading text=&#8220;Ru\u010dn\u00ed myt\u00ed&#8220; font_container=&#8220;tag:h5|text_align:center|color:%23cb3933&#8243; google_fonts=&#8220;font_family:Merriweather%20Sans%3A300%2C300italic%2Cregular%2Citalic%2C700%2C700italic%2C800%2C800italic|font_style:300%20light%20regular%3A300%3Anormal&#8220; css=&#8220;.vc_custom_1530451567687{margin-top: -16px !important;}&#8220; link=&#8220;url:https%3A%2F%2Fwww.autohouser.cz%2F%3Fpage_id%3D1897||&#8220;]<figure class=\"sc_image  sc_image_shape_square\"><img decoding=\"async\" src=\"https:\/\/www.autohouser.cz\/wp-content\/uploads\/2018\/06\/Screen-Shot-2018-06-26-at-21.52.15.png\" alt=\"\" \/><\/figure>[vc_empty_space][vc_column_text css=&#8220;.vc_custom_1516544542199{border-radius: 5px !important;}&#8220;][\/vc_column_text]<\/div><div class=\"column-1_4 sc_column_item sc_column_item_2 even\">[vc_custom_heading text=&#8220;Klimatizace&#8220; font_container=&#8220;tag:h5|text_align:center|color:%23cb3933&#8243; google_fonts=&#8220;font_family:Merriweather%20Sans%3A300%2C300italic%2Cregular%2Citalic%2C700%2C700italic%2C800%2C800italic|font_style:300%20light%20regular%3A300%3Anormal&#8220; css=&#8220;.vc_custom_1530450829140{margin-top: -16px !important;}&#8220; link=&#8220;url:https%3A%2F%2Fwww.autohouser.cz%2F%3Fpage_id%3D1789||&#8220;]<figure class=\"sc_image  sc_image_shape_square\"><img decoding=\"async\" src=\"https:\/\/www.autohouser.cz\/wp-content\/uploads\/2018\/06\/Screen-Shot-2018-06-28-at-20.41.16.png\" alt=\"\" \/><\/figure>[vc_empty_space][vc_column_text css=&#8220;.vc_custom_1516544548502{border-radius: 5px !important;}&#8220;][\/vc_column_text]<\/div><div class=\"column-1_4 sc_column_item sc_column_item_3 odd\">[vc_custom_heading text=&#8220;Geometrie&#8220; font_container=&#8220;tag:h5|text_align:center|color:%23cb3933&#8243; google_fonts=&#8220;font_family:Merriweather%20Sans%3A300%2C300italic%2Cregular%2Citalic%2C700%2C700italic%2C800%2C800italic|font_style:300%20light%20regular%3A300%3Anormal&#8220; css=&#8220;.vc_custom_1530450842583{margin-top: -16px !important;}&#8220; link=&#8220;url:https%3A%2F%2Fwww.autohouser.cz%2F%3Fpage_id%3D1936||&#8220;]<figure class=\"sc_image  sc_image_shape_square\"><img decoding=\"async\" src=\"https:\/\/www.autohouser.cz\/wp-content\/uploads\/2018\/06\/Screen-Shot-2018-06-28-at-20.57.52.png\" alt=\"\" \/><\/figure>[vc_empty_space][vc_column_text css=&#8220;.vc_custom_1516544554575{border-radius: 5px !important;}&#8220;][\/vc_column_text]<\/div><\/div><\/div>[\/vc_column][\/vc_row][vc_row][vc_column][vc_empty_space height=&#8220;8px&#8220;][\/vc_column][\/vc_row][vc_row][vc_column css=&#8220;.vc_custom_1518256312519{margin-top: -256px !important;}&#8220;]<div id=\"sc_googlemap_797681509\" class=\"sc_googlemap\" style=\"width:100%;height:240px;\" data-address=\"P\u0159\u00edlepsk\u00e1 1233, Roztoky u Prahy, 252 63, Czech Republic\" data-description=\"P\u0159\u00edlepsk\u00e1 1233, Roztoky u Prahy, 252 63, Czech Republic\" data-latlng=\"\" data-zoom=\"16\" data-style=\"dark\" data-point=\"https:\/\/www.autohouser.cz\/wp-content\/uploads\/2015\/06\/marker.png\"><\/div>[\/vc_column][\/vc_row]<\/p>\n","protected":false},"excerpt":{"rendered":"<p>[vc_row][vc_column width=&#8220;2\/3&#8243;][vc_column_text] V\u00edtejte na str\u00e1nk\u00e1ch na\u0161eho servisu&nbsp;v Roztok\u00e1ch u Prahy . N\u00e1\u0161 rodinn\u00fd autoservis&nbsp;se zab\u00fdv\u00e1 ve\u0161ker\u00fdmi opravami motorov\u00fdch vozidel v\u010detn\u011b voz\u016f MPV, SUV, OFFROAD, LKW . Budou se v\u00e1m v\u011bnovat profesion\u00e1ln\u011b pro\u0161kolen\u00ed pracovn\u00edci s dlouholetou prax\u00ed v dan\u00e9m oboru.&nbsp;Nab\u00edz\u00edme absolutn\u011b profesion\u00e1ln\u00ed servis s nadstandardn\u00edmu slu\u017ebami&nbsp;a p\u0159\u00edstupem v\u0161ech pracovn\u00edk\u016f. D\u011bkujeme v\u0161em na\u0161im z\u00e1kazn\u00edk\u016fm za d\u016fv\u011bru a [&hellip;]<\/p>\n","protected":false},"author":2,"featured_media":0,"parent":0,"menu_order":0,"comment_status":"closed","ping_status":"closed","template":"","meta":{"footnotes":""},"class_list":["post-1831","page","type-page","status-publish","hentry"],"_links":{"self":[{"href":"https:\/\/www.autohouser.cz\/index.php?rest_route=\/wp\/v2\/pages\/1831","targetHints":{"allow":["GET"]}}],"collection":[{"href":"https:\/\/www.autohouser.cz\/index.php?rest_route=\/wp\/v2\/pages"}],"about":[{"href":"https:\/\/www.autohouser.cz\/index.php?rest_route=\/wp\/v2\/types\/page"}],"author":[{"embeddable":true,"href":"https:\/\/www.autohouser.cz\/index.php?rest_route=\/wp\/v2\/users\/2"}],"replies":[{"embeddable":true,"href":"https:\/\/www.autohouser.cz\/index.php?rest_route=%2Fwp%2Fv2%2Fcomments&post=1831"}],"version-history":[{"count":39,"href":"https:\/\/www.autohouser.cz\/index.php?rest_route=\/wp\/v2\/pages\/1831\/revisions"}],"predecessor-version":[{"id":2664,"href":"https:\/\/www.autohouser.cz\/index.php?rest_route=\/wp\/v2\/pages\/1831\/revisions\/2664"}],"wp:attachment":[{"href":"https:\/\/www.autohouser.cz\/index.php?rest_route=%2Fwp%2Fv2%2Fmedia&parent=1831"}],"curies":[{"name":"wp","href":"https:\/\/api.w.org\/{rel}","templated":true}]}}