{"id":1897,"date":"2017-09-16T20:35:26","date_gmt":"2017-09-16T20:35:26","guid":{"rendered":"http:\/\/auto.vladpavlovski.com\/?page_id=1897"},"modified":"2018-07-01T13:34:27","modified_gmt":"2018-07-01T13:34:27","slug":"rucni-myti","status":"publish","type":"page","link":"https:\/\/www.autohouser.cz\/?page_id=1897","title":{"rendered":"Ru\u010dn\u00ed myt\u00ed"},"content":{"rendered":"<p>[vc_row equal_height=&#8220;yes&#8220; content_placement=&#8220;top&#8220; css=&#8220;.vc_custom_1484488522604{margin-top: -2px !important;}&#8220;][vc_column width=&#8220;1\/2&#8243; css=&#8220;.vc_custom_1504637665066{margin-top: 0px !important;border-top-width: 0px !important;padding-top: 0px !important;}&#8220;][vc_column_text][\/vc_column_text][vc_column_text][\/vc_column_text][\/vc_column][vc_column width=&#8220;1\/2&#8243;]<figure class=\"sc_image  sc_image_shape_square\" style=\"width:500px;\"><img decoding=\"async\" src=\"https:\/\/www.autohouser.cz\/wp-content\/uploads\/2018\/06\/Screen-Shot-2018-06-26-at-21.52.15-500x242.png\" alt=\"\" \/><\/figure>[\/vc_column][\/vc_row][vc_row][vc_column][vc_empty_space height=&#8220;64px&#8220;][\/vc_column][\/vc_row][vc_row][vc_column][vc_text_separator title=&#8220;Kontakt&#8220; color=&#8220;custom&#8220; css=&#8220;.vc_custom_1529867668239{margin-top: 0px !important;margin-bottom: 0px !important;}&#8220; accent_color=&#8220;#cb3933&#8243;][vc_column_text]<\/p>\n<p style=\"text-align: center;\"><span style=\"color: #000000;\">P\u0159\u00edlepsk\u00e1 1233, Roztoky, 252 63<\/span><\/p>\n<p>[\/vc_column_text][vc_empty_space height=&#8220;48px&#8220;][\/vc_column][\/vc_row][vc_row][vc_column]<div class=\"columns_wrap sc_columns columns_nofluid sc_columns_count_2\"><div class=\"column-1_2 sc_column_item sc_column_item_1 odd first\">[vc_column_text]<strong><span style=\"color: #000000;\">Otev\u00edrac\u00ed doba: <\/span><\/strong><br \/>\n<strong><span style=\"color: #000000;\">pond\u011bl\u00ed &#8211; p\u00e1tek 08:00 &#8211; 17:00<\/span><\/strong><\/p>\n<table class=\"contacts__table\">\n<tbody>\n<tr>\n<td><\/td>\n<td><\/td>\n<\/tr>\n<tr>\n<td>\n<div style=\"color: #000000;\">email<\/div>\n<div><\/div>\n<\/td>\n<td><span style=\"color: #000000;\"><a style=\"color: #000000;\" href=\"mailto:miroslav.vejbora@autohouser.cz\">miroslav.vejbora@autohouser.cz<\/a><\/span><\/td>\n<\/tr>\n<tr>\n<td>\n<div><strong>Miroslav Vejbora<\/strong><\/div>\n<div>p\u0159ij\u00edmac\u00ed technik, vedouc\u00ed autoservisu<\/div>\n<div><\/div>\n<\/td>\n<td style=\"text-align: left;\"><a href=\"callto:00420731862462\">731 862 462<\/a><\/td>\n<\/tr>\n<tr>\n<td>\n<div><strong>Tom\u00e1\u0161 Pra\u017e\u00e1k<\/strong><\/div>\n<div>vedouc\u00ed mechanik<\/div>\n<div><\/div>\n<\/td>\n<td><a href=\"callto: 00420603172954\">603 172 954<\/a><\/td>\n<\/tr>\n<tr>\n<td><\/td>\n<\/tr>\n<\/tbody>\n<\/table>\n<p>[\/vc_column_text]<\/div><div class=\"column-1_2 sc_column_item sc_column_item_2 even\"><figure class=\"sc_image  alignright sc_image_shape_square\" style=\"width:500px;\"><img decoding=\"async\" src=\"https:\/\/www.autohouser.cz\/wp-content\/uploads\/2018\/06\/Servis-c\u030cervena\u0301-budova-1-scaled-500x279.jpg\" alt=\"\" \/><\/figure><\/div><\/div>[\/vc_column][\/vc_row]<\/p>\n","protected":false},"excerpt":{"rendered":"<p>[vc_row equal_height=&#8220;yes&#8220; content_placement=&#8220;top&#8220; css=&#8220;.vc_custom_1484488522604{margin-top: -2px !important;}&#8220;][vc_column width=&#8220;1\/2&#8243; css=&#8220;.vc_custom_1504637665066{margin-top: 0px !important;border-top-width: 0px !important;padding-top: 0px !important;}&#8220;][vc_column_text][\/vc_column_text][vc_column_text][\/vc_column_text][\/vc_column][vc_column width=&#8220;1\/2&#8243;][\/vc_column][\/vc_row][vc_row][vc_column][vc_empty_space height=&#8220;64px&#8220;][\/vc_column][\/vc_row][vc_row][vc_column][vc_text_separator title=&#8220;Kontakt&#8220; color=&#8220;custom&#8220; css=&#8220;.vc_custom_1529867668239{margin-top: 0px !important;margin-bottom: 0px !important;}&#8220; accent_color=&#8220;#cb3933&#8243;][vc_column_text] P\u0159\u00edlepsk\u00e1 1233, Roztoky, 252 63 [\/vc_column_text][vc_empty_space height=&#8220;48px&#8220;][\/vc_column][\/vc_row][vc_row][vc_column][\/vc_column][\/vc_row]<\/p>\n","protected":false},"author":2,"featured_media":0,"parent":0,"menu_order":0,"comment_status":"closed","ping_status":"closed","template":"","meta":{"footnotes":""},"class_list":["post-1897","page","type-page","status-publish","hentry"],"_links":{"self":[{"href":"https:\/\/www.autohouser.cz\/index.php?rest_route=\/wp\/v2\/pages\/1897","targetHints":{"allow":["GET"]}}],"collection":[{"href":"https:\/\/www.autohouser.cz\/index.php?rest_route=\/wp\/v2\/pages"}],"about":[{"href":"https:\/\/www.autohouser.cz\/index.php?rest_route=\/wp\/v2\/types\/page"}],"author":[{"embeddable":true,"href":"https:\/\/www.autohouser.cz\/index.php?rest_route=\/wp\/v2\/users\/2"}],"replies":[{"embeddable":true,"href":"https:\/\/www.autohouser.cz\/index.php?rest_route=%2Fwp%2Fv2%2Fcomments&post=1897"}],"version-history":[{"count":1,"href":"https:\/\/www.autohouser.cz\/index.php?rest_route=\/wp\/v2\/pages\/1897\/revisions"}],"predecessor-version":[{"id":2443,"href":"https:\/\/www.autohouser.cz\/index.php?rest_route=\/wp\/v2\/pages\/1897\/revisions\/2443"}],"wp:attachment":[{"href":"https:\/\/www.autohouser.cz\/index.php?rest_route=%2Fwp%2Fv2%2Fmedia&parent=1897"}],"curies":[{"name":"wp","href":"https:\/\/api.w.org\/{rel}","templated":true}]}}