{"id":1936,"date":"2018-01-14T15:29:13","date_gmt":"2018-01-14T15:29:13","guid":{"rendered":"http:\/\/auto.vladpavlovski.com\/?page_id=1936"},"modified":"2019-12-19T08:08:10","modified_gmt":"2019-12-19T08:08:10","slug":"geometrie","status":"publish","type":"page","link":"https:\/\/www.autohouser.cz\/?page_id=1936","title":{"rendered":"Geometrie"},"content":{"rendered":"<p>[vc_row equal_height=&#8220;yes&#8220; content_placement=&#8220;top&#8220;][vc_column width=&#8220;1\/2&#8243; css=&#8220;.vc_custom_1504637665066{margin-top: 0px !important;border-top-width: 0px !important;padding-top: 0px !important;}&#8220;][vc_column_text]<span style=\"color: #000000;\">Prov\u00e1d\u00edme m\u011b\u0159en\u00ed a kompletn\u00ed se\u0159\u00edzen\u00ed p\u0159edn\u00ed a zadn\u00ed n\u00e1pravy vozu.<\/span><\/p>\n<p><strong>CO JE TZV. GEOMETRIE KOL U OSOBN\u00cdCH VOZ\u016e?<\/strong><\/p>\n<p><span style=\"color: #000000;\">Geometrie n\u00e1prav pat\u0159\u00ed mezi z\u00e1kladn\u00ed konstruk\u010dn\u00ed nastaven\u00ed vozidel. Zjednodu\u0161en\u011b \u0159e\u010deno, geometrie kol neboli geometrie n\u00e1prav je\u00a0se\u0159\u00edzen\u00ed osy j\u00edzdy\u00a0vozidla tak, aby se kola skl\u00e1n\u011bla k vozovce pod spr\u00e1vn\u00fdm \u00fahlem.<\/span><br \/>\n<span style=\"color: #000000;\">Spr\u00e1vn\u00fdm \u00a0se\u0159\u00edzen\u00edm geometrie n\u00e1prav V\u00e1m n\u00e1\u0161 servis zajist\u00ed rovnom\u011brn\u00e9 sj\u00ed\u017ed\u011bn\u00ed pneumatik, a t\u00edm\u00a0prodlou\u017e\u00ed jejich \u017eivotnost. Nav\u00edc spr\u00e1vn\u00e9 m\u011b\u0159en\u00ed geometrie zajist\u00ed\u00a0optim\u00e1ln\u00ed j\u00edzdn\u00ed vlastnosti\u00a0Va\u0161eho vozidla (odstran\u00ed se t\u00edm velmi \u010dast\u00e9 &#8222;t\u00e1hnut\u00ed&#8220; vozidla doleva \u010di doprava).<\/span>[\/vc_column_text][\/vc_column][vc_column width=&#8220;1\/2&#8243;]<figure class=\"sc_image  sc_image_shape_square\" style=\"width:500px;\"><img decoding=\"async\" src=\"https:\/\/www.autohouser.cz\/wp-content\/uploads\/2018\/06\/Screen-Shot-2018-06-28-at-20.57.52-500x239.png\" alt=\"\" \/><\/figure>[\/vc_column][\/vc_row][vc_row][vc_column][vc_empty_space][vc_column_text]<strong>KDY JE NUTN\u00c9 PROV\u00c9ST SE\u0158\u00cdZEN\u00cd GEOMETRIE N\u00c1PRAV?<\/strong><\/p>\n<p><span style=\"color: #000000;\">Kontrolu geometrie n\u00e1prav vozidla doporu\u010dujeme v\u017edy, kdy\u017e vozidlo utrp\u00ed mechanick\u00fd n\u00e1raz v oblasti podvozku.\u00a0<\/span><span style=\"color: #000000;\">Nej\u010dast\u011bj\u0161\u00ed p\u0159\u00edpady znehodnocen\u00ed geometrie vozu:<\/span><\/p>\n<ul>\n<li><span style=\"color: #000000;\">d\u00edra ve vozovce,<\/span><\/li>\n<li><span style=\"color: #000000;\">n\u00e1raz do obrubn\u00edku,<\/span><\/li>\n<li><span style=\"color: #000000;\">silni\u010dn\u00ed nehoda,<\/span><\/li>\n<li><span style=\"color: #000000;\">vyfr\u00e9zovan\u00e1 vozovka.<\/span><\/li>\n<\/ul>\n<p><span style=\"color: #000000;\">Se\u0159\u00edzen\u00ed geometrie kol nen\u00ed nutn\u00e9 p\u0159i ka\u017ed\u00e9 v\u00fdm\u011bn\u011b pneumatik z letn\u00edch na zimn\u00ed a obr\u00e1cen\u011b. Doporu\u010dujeme v\u0161ak prov\u00e9st se\u0159\u00edzen\u00ed geometrie\u00a0v\u017edy, kdy\u017e doch\u00e1z\u00ed k nerovnom\u011brn\u00e9mu opot\u0159eben\u00ed pneumatik nebo v p\u0159\u00edpad\u011b\u00a0mont\u00e1\u017ee pneumatik nov\u00fdch.<\/span><\/p>\n<ul>\n<li><span style=\"color: #000000;\">Se\u0159\u00edzen\u00edm geometrie vozu p\u0159edch\u00e1z\u00edte nejen sn\u00ed\u017een\u00ed \u017eivotnosti pneumatik, ale tak\u00e9 \u0161patn\u00fdm j\u00edzdn\u00edm vlastnostem vozidla, kter\u00e9 maj\u00ed vliv na\u00a0bezpe\u010dnost provozu.<\/span><\/li>\n<li><span style=\"color: #000000;\">Spr\u00e1vn\u00fdm se\u0159\u00edzen\u00edm geometrie sn\u00ed\u017e\u00edte valiv\u00fd odpor pneumatik a z\u00e1rove\u0148\u00a0spot\u0159ebu paliva.<\/span><\/li>\n<li><span style=\"color: #000000;\">M\u011b\u0159en\u00ed geometrie vozidla je nutn\u00e9 prov\u00e9st\u00a0po oprav\u00e1ch podvozkov\u00fdch \u010d\u00e1st\u00ed, nap\u0159. po v\u00fdm\u011bn\u011b \u010dep\u016f \u0159\u00edzen\u00ed, v\u00fdm\u011bn\u011b ramen apod.<\/span><\/li>\n<li><span style=\"color: #000000;\">Tak\u00e9 doporu\u010dujeme prov\u00e9st geometrii kol\u00a0p\u0159i koupi ojet\u00e9ho vozidla.<\/span><\/li>\n<\/ul>\n<p>[\/vc_column_text][\/vc_column][\/vc_row][vc_row][vc_column][vc_empty_space height=&#8220;64px&#8220;][\/vc_column][\/vc_row][vc_row][vc_column][vc_text_separator title=&#8220;Kontakt&#8220; color=&#8220;custom&#8220; css=&#8220;.vc_custom_1529868289007{margin-top: 0px !important;margin-bottom: 0px !important;}&#8220; accent_color=&#8220;#cb3933&#8243;][vc_column_text]<\/p>\n<p style=\"text-align: center;\"><span style=\"color: #000000;\">P\u0159\u00edlepsk\u00e1 1233, Roztoky, 252 63<\/span><\/p>\n<p>[\/vc_column_text][vc_empty_space height=&#8220;48px&#8220;][\/vc_column][\/vc_row][vc_row][vc_column]<div class=\"columns_wrap sc_columns columns_nofluid sc_columns_count_2\"><div class=\"column-1_2 sc_column_item sc_column_item_1 odd first\">[vc_column_text]<strong><span style=\"color: #000000;\">Otev\u00edrac\u00ed doba: <\/span><\/strong><br \/>\n<strong><span style=\"color: #000000;\">pond\u011bl\u00ed &#8211; p\u00e1tek 08:00 &#8211; 17:00<\/span><\/strong><\/p>\n<table class=\"contacts__table\">\n<tbody>\n<tr>\n<td><\/td>\n<td><\/td>\n<\/tr>\n<tr>\n<td>\n<div style=\"color: #000000;\">email<\/div>\n<div><\/div>\n<\/td>\n<td><span style=\"color: #000000;\"><a style=\"color: #000000;\" href=\"mailto:pneuservis@autohouser.cz\">pneuservis@autohouser.cz<\/a><\/span><\/td>\n<\/tr>\n<tr>\n<td>\n<div><b>telefon<\/b><\/div>\n<div><\/div>\n<\/td>\n<td style=\"text-align: left;\"><a href=\"callto: 00420220911128\">220 911 128<\/a><\/td>\n<\/tr>\n<tr>\n<td>\n<div><strong>Michal Kmoch<\/strong><\/div>\n<div>vedouc\u00ed mechani<\/div>\n<div><\/div>\n<\/td>\n<td><a href=\"callto: 00420608638173\">608 638 173<\/a><\/td>\n<\/tr>\n<tr>\n<td><\/td>\n<\/tr>\n<\/tbody>\n<\/table>\n<p>[\/vc_column_text]<\/div><div class=\"column-1_2 sc_column_item sc_column_item_2 even\"><figure class=\"sc_image  alignright sc_image_shape_square\" style=\"width:500px;\"><img decoding=\"async\" src=\"https:\/\/www.autohouser.cz\/wp-content\/uploads\/2018\/06\/Servis-c\u030cervena\u0301-budova-1-scaled-500x279.jpg\" alt=\"\" \/><\/figure><\/div><\/div>[\/vc_column][\/vc_row]<\/p>\n","protected":false},"excerpt":{"rendered":"<p>[vc_row equal_height=&#8220;yes&#8220; content_placement=&#8220;top&#8220;][vc_column width=&#8220;1\/2&#8243; css=&#8220;.vc_custom_1504637665066{margin-top: 0px !important;border-top-width: 0px !important;padding-top: 0px !important;}&#8220;][vc_column_text]Prov\u00e1d\u00edme m\u011b\u0159en\u00ed a kompletn\u00ed se\u0159\u00edzen\u00ed p\u0159edn\u00ed a zadn\u00ed n\u00e1pravy vozu. CO JE TZV. GEOMETRIE KOL U OSOBN\u00cdCH VOZ\u016e? Geometrie n\u00e1prav pat\u0159\u00ed mezi z\u00e1kladn\u00ed konstruk\u010dn\u00ed nastaven\u00ed vozidel. Zjednodu\u0161en\u011b \u0159e\u010deno, geometrie kol neboli geometrie n\u00e1prav je\u00a0se\u0159\u00edzen\u00ed osy j\u00edzdy\u00a0vozidla tak, aby se kola skl\u00e1n\u011bla k vozovce pod spr\u00e1vn\u00fdm [&hellip;]<\/p>\n","protected":false},"author":2,"featured_media":0,"parent":0,"menu_order":0,"comment_status":"closed","ping_status":"closed","template":"","meta":{"footnotes":""},"class_list":["post-1936","page","type-page","status-publish","hentry"],"_links":{"self":[{"href":"https:\/\/www.autohouser.cz\/index.php?rest_route=\/wp\/v2\/pages\/1936","targetHints":{"allow":["GET"]}}],"collection":[{"href":"https:\/\/www.autohouser.cz\/index.php?rest_route=\/wp\/v2\/pages"}],"about":[{"href":"https:\/\/www.autohouser.cz\/index.php?rest_route=\/wp\/v2\/types\/page"}],"author":[{"embeddable":true,"href":"https:\/\/www.autohouser.cz\/index.php?rest_route=\/wp\/v2\/users\/2"}],"replies":[{"embeddable":true,"href":"https:\/\/www.autohouser.cz\/index.php?rest_route=%2Fwp%2Fv2%2Fcomments&post=1936"}],"version-history":[{"count":5,"href":"https:\/\/www.autohouser.cz\/index.php?rest_route=\/wp\/v2\/pages\/1936\/revisions"}],"predecessor-version":[{"id":2517,"href":"https:\/\/www.autohouser.cz\/index.php?rest_route=\/wp\/v2\/pages\/1936\/revisions\/2517"}],"wp:attachment":[{"href":"https:\/\/www.autohouser.cz\/index.php?rest_route=%2Fwp%2Fv2%2Fmedia&parent=1936"}],"curies":[{"name":"wp","href":"https:\/\/api.w.org\/{rel}","templated":true}]}}