{"id":2586,"date":"2020-05-31T19:09:12","date_gmt":"2020-05-31T19:09:12","guid":{"rendered":"https:\/\/www.autohouser.cz\/?page_id=2586"},"modified":"2020-06-01T19:38:48","modified_gmt":"2020-06-01T19:38:48","slug":"audi-q5","status":"publish","type":"page","link":"https:\/\/www.autohouser.cz\/?page_id=2586","title":{"rendered":"Audi Q5"},"content":{"rendered":"\n<div class=\"wp-block-group\"><div class=\"wp-block-group__inner-container is-layout-flow wp-block-group-is-layout-flow\">\n<figure class=\"wp-block-gallery aligncenter columns-3 is-cropped wp-block-gallery-1 is-layout-flex wp-block-gallery-is-layout-flex\"><ul class=\"blocks-gallery-grid\"><li class=\"blocks-gallery-item\"><figure><img loading=\"lazy\" decoding=\"async\" width=\"1600\" height=\"1200\" src=\"https:\/\/www.autohouser.cz\/wp-content\/uploads\/2020\/05\/fe1356b5-3238-48d9-9975-df5acb5d6895.jpg\" alt=\"\" data-id=\"2582\" data-full-url=\"https:\/\/www.autohouser.cz\/wp-content\/uploads\/2020\/05\/fe1356b5-3238-48d9-9975-df5acb5d6895.jpg\" data-link=\"https:\/\/www.autohouser.cz\/?attachment_id=2582\" class=\"wp-image-2582\" srcset=\"https:\/\/www.autohouser.cz\/wp-content\/uploads\/2020\/05\/fe1356b5-3238-48d9-9975-df5acb5d6895.jpg 1600w, https:\/\/www.autohouser.cz\/wp-content\/uploads\/2020\/05\/fe1356b5-3238-48d9-9975-df5acb5d6895-600x450.jpg 600w, https:\/\/www.autohouser.cz\/wp-content\/uploads\/2020\/05\/fe1356b5-3238-48d9-9975-df5acb5d6895-300x225.jpg 300w, https:\/\/www.autohouser.cz\/wp-content\/uploads\/2020\/05\/fe1356b5-3238-48d9-9975-df5acb5d6895-1024x768.jpg 1024w, https:\/\/www.autohouser.cz\/wp-content\/uploads\/2020\/05\/fe1356b5-3238-48d9-9975-df5acb5d6895-768x576.jpg 768w, https:\/\/www.autohouser.cz\/wp-content\/uploads\/2020\/05\/fe1356b5-3238-48d9-9975-df5acb5d6895-1536x1152.jpg 1536w, https:\/\/www.autohouser.cz\/wp-content\/uploads\/2020\/05\/fe1356b5-3238-48d9-9975-df5acb5d6895-1150x863.jpg 1150w, https:\/\/www.autohouser.cz\/wp-content\/uploads\/2020\/05\/fe1356b5-3238-48d9-9975-df5acb5d6895-770x578.jpg 770w, https:\/\/www.autohouser.cz\/wp-content\/uploads\/2020\/05\/fe1356b5-3238-48d9-9975-df5acb5d6895-400x300.jpg 400w, https:\/\/www.autohouser.cz\/wp-content\/uploads\/2020\/05\/fe1356b5-3238-48d9-9975-df5acb5d6895-250x188.jpg 250w\" sizes=\"auto, (max-width: 1600px) 100vw, 1600px\" \/><\/figure><\/li><li class=\"blocks-gallery-item\"><figure><img loading=\"lazy\" decoding=\"async\" width=\"1600\" height=\"1200\" src=\"https:\/\/www.autohouser.cz\/wp-content\/uploads\/2020\/05\/b1447eb1-1e92-4c89-a130-77e504e4fe8e.jpg\" alt=\"\" data-id=\"2579\" data-full-url=\"https:\/\/www.autohouser.cz\/wp-content\/uploads\/2020\/05\/b1447eb1-1e92-4c89-a130-77e504e4fe8e.jpg\" data-link=\"https:\/\/www.autohouser.cz\/?attachment_id=2579\" class=\"wp-image-2579\" srcset=\"https:\/\/www.autohouser.cz\/wp-content\/uploads\/2020\/05\/b1447eb1-1e92-4c89-a130-77e504e4fe8e.jpg 1600w, https:\/\/www.autohouser.cz\/wp-content\/uploads\/2020\/05\/b1447eb1-1e92-4c89-a130-77e504e4fe8e-600x450.jpg 600w, https:\/\/www.autohouser.cz\/wp-content\/uploads\/2020\/05\/b1447eb1-1e92-4c89-a130-77e504e4fe8e-300x225.jpg 300w, https:\/\/www.autohouser.cz\/wp-content\/uploads\/2020\/05\/b1447eb1-1e92-4c89-a130-77e504e4fe8e-1024x768.jpg 1024w, https:\/\/www.autohouser.cz\/wp-content\/uploads\/2020\/05\/b1447eb1-1e92-4c89-a130-77e504e4fe8e-768x576.jpg 768w, https:\/\/www.autohouser.cz\/wp-content\/uploads\/2020\/05\/b1447eb1-1e92-4c89-a130-77e504e4fe8e-1536x1152.jpg 1536w, https:\/\/www.autohouser.cz\/wp-content\/uploads\/2020\/05\/b1447eb1-1e92-4c89-a130-77e504e4fe8e-1150x863.jpg 1150w, https:\/\/www.autohouser.cz\/wp-content\/uploads\/2020\/05\/b1447eb1-1e92-4c89-a130-77e504e4fe8e-770x578.jpg 770w, https:\/\/www.autohouser.cz\/wp-content\/uploads\/2020\/05\/b1447eb1-1e92-4c89-a130-77e504e4fe8e-400x300.jpg 400w, https:\/\/www.autohouser.cz\/wp-content\/uploads\/2020\/05\/b1447eb1-1e92-4c89-a130-77e504e4fe8e-250x188.jpg 250w\" sizes=\"auto, (max-width: 1600px) 100vw, 1600px\" \/><\/figure><\/li><li class=\"blocks-gallery-item\"><figure><img loading=\"lazy\" decoding=\"async\" width=\"1600\" height=\"1200\" src=\"https:\/\/www.autohouser.cz\/wp-content\/uploads\/2020\/05\/2ff99488-0344-46e2-9930-2ed530e78a6a.jpg\" alt=\"\" data-id=\"2571\" data-full-url=\"https:\/\/www.autohouser.cz\/wp-content\/uploads\/2020\/05\/2ff99488-0344-46e2-9930-2ed530e78a6a.jpg\" data-link=\"https:\/\/www.autohouser.cz\/?attachment_id=2571\" class=\"wp-image-2571\" srcset=\"https:\/\/www.autohouser.cz\/wp-content\/uploads\/2020\/05\/2ff99488-0344-46e2-9930-2ed530e78a6a.jpg 1600w, https:\/\/www.autohouser.cz\/wp-content\/uploads\/2020\/05\/2ff99488-0344-46e2-9930-2ed530e78a6a-600x450.jpg 600w, https:\/\/www.autohouser.cz\/wp-content\/uploads\/2020\/05\/2ff99488-0344-46e2-9930-2ed530e78a6a-300x225.jpg 300w, https:\/\/www.autohouser.cz\/wp-content\/uploads\/2020\/05\/2ff99488-0344-46e2-9930-2ed530e78a6a-1024x768.jpg 1024w, https:\/\/www.autohouser.cz\/wp-content\/uploads\/2020\/05\/2ff99488-0344-46e2-9930-2ed530e78a6a-768x576.jpg 768w, https:\/\/www.autohouser.cz\/wp-content\/uploads\/2020\/05\/2ff99488-0344-46e2-9930-2ed530e78a6a-1536x1152.jpg 1536w, https:\/\/www.autohouser.cz\/wp-content\/uploads\/2020\/05\/2ff99488-0344-46e2-9930-2ed530e78a6a-1150x863.jpg 1150w, https:\/\/www.autohouser.cz\/wp-content\/uploads\/2020\/05\/2ff99488-0344-46e2-9930-2ed530e78a6a-770x578.jpg 770w, https:\/\/www.autohouser.cz\/wp-content\/uploads\/2020\/05\/2ff99488-0344-46e2-9930-2ed530e78a6a-400x300.jpg 400w, https:\/\/www.autohouser.cz\/wp-content\/uploads\/2020\/05\/2ff99488-0344-46e2-9930-2ed530e78a6a-250x188.jpg 250w\" sizes=\"auto, (max-width: 1600px) 100vw, 1600px\" \/><\/figure><\/li><\/ul><\/figure>\n<\/div><\/div>\n\n\n\n<p><strong>Audi Q5<br><\/strong>V provozu od: 11\/2012<br>Tachometr: 130 300 km<br>Palivo: nafta<br>Objem: 1 968 ccm<br>P\u0159evodovka: automatick\u00e1<br>Klimatizace: automatick\u00e1<\/p>\n\n\n\n<p><strong>Dal\u0161\u00ed informace o aut\u011b<\/strong><br>Motor &#8211; v\u00fdkon: 130 kW (177 kon\u00ed)<br>Historie a dokumenty<br>Prvn\u00ed majitel: neuvedeno<br>Servisn\u00ed kn\u00ed\u017eka: ano<br>Zem\u011b p\u016fvodu: \u010cesk\u00e1 republika<br>V provozu od: 11\/2012<br>STK: 12\/2020<br><br><strong>Specifikace vozu<\/strong><br>Karoserie: SUV<br>Stav: ojet\u00e9<br>Barva: b\u00edl\u00e1<br>Po\u010det dve\u0159\u00ed: 5<br>Po\u010det m\u00edst: 5<\/p>\n\n\n\n<p><strong>V\u00fdbava<br><\/strong>ABS imobiliz\u00e9r regulace p\u0159i j\u00edzd\u011b ze svahu<br>bi-xenony lit\u00e1 kola senzor st\u011bra\u010d\u016f<br>CD p\u0159ehr\u00e1va\u010d multifunk\u010dn\u00ed volant tempomat<br>d\u00e1lkov\u00e9 centr\u00e1ln\u00ed zamyk\u00e1n\u00ed ost\u0159ikova\u010de sv\u011btlomet\u016f vyh\u0159\u00edvan\u00e1 sedadla<br>el. ovl\u00e1d\u00e1n\u00ed oken parkovac\u00ed senzory vyh\u0159\u00edvan\u00e1 zrc\u00e1tka<br>el. ovl\u00e1d\u00e1n\u00ed zrc\u00e1tek pohon 4 x 4 xenony<br>ESP protiprokluzov\u00fd syst\u00e9m kol (ASR)<br><br><strong>Dopl\u0148uj\u00edc\u00ed informace<\/strong><br>Z\u00e1ruka a\u017e na 36 m\u011bs\u00edc\u016f. V\u016fz p\u016fvodem z \u010cR, pravideln\u00fd servis Audi. 100% z\u00e1ruka na po\u010det ujet\u00fdch kilometr\u016f. Dv\u011b sady alu + letn\u00ed i zimn\u00ed pneu. Dal\u0161\u00ed v\u00fdbavy: ISOFIX, LED Denn\u00ed sv\u00edcen\u00ed.<\/p>\n\n\n\n<p>Tato nab\u00eddka nen\u00ed n\u00e1vrh na uzav\u0159en\u00ed kupn\u00ed smlouvy dle z\u00e1kona 89\/2. <\/p>\n","protected":false},"excerpt":{"rendered":"<p>Audi Q5V provozu od: 11\/2012Tachometr: 130 300 kmPalivo: naftaObjem: 1 968 ccmP\u0159evodovka: automatick\u00e1Klimatizace: automatick\u00e1 Dal\u0161\u00ed informace o aut\u011bMotor &#8211; v\u00fdkon: 130 kW (177 kon\u00ed)Historie a dokumentyPrvn\u00ed majitel: neuvedenoServisn\u00ed kn\u00ed\u017eka: anoZem\u011b p\u016fvodu: \u010cesk\u00e1 republikaV provozu od: 11\/2012STK: 12\/2020 Specifikace vozuKaroserie: SUVStav: ojet\u00e9Barva: b\u00edl\u00e1Po\u010det dve\u0159\u00ed: 5Po\u010det m\u00edst: 5 V\u00fdbavaABS imobiliz\u00e9r regulace p\u0159i j\u00edzd\u011b ze svahubi-xenony lit\u00e1 kola [&hellip;]<\/p>\n","protected":false},"author":4,"featured_media":0,"parent":0,"menu_order":0,"comment_status":"closed","ping_status":"closed","template":"","meta":{"footnotes":""},"class_list":["post-2586","page","type-page","status-publish","hentry"],"_links":{"self":[{"href":"https:\/\/www.autohouser.cz\/index.php?rest_route=\/wp\/v2\/pages\/2586","targetHints":{"allow":["GET"]}}],"collection":[{"href":"https:\/\/www.autohouser.cz\/index.php?rest_route=\/wp\/v2\/pages"}],"about":[{"href":"https:\/\/www.autohouser.cz\/index.php?rest_route=\/wp\/v2\/types\/page"}],"author":[{"embeddable":true,"href":"https:\/\/www.autohouser.cz\/index.php?rest_route=\/wp\/v2\/users\/4"}],"replies":[{"embeddable":true,"href":"https:\/\/www.autohouser.cz\/index.php?rest_route=%2Fwp%2Fv2%2Fcomments&post=2586"}],"version-history":[{"count":3,"href":"https:\/\/www.autohouser.cz\/index.php?rest_route=\/wp\/v2\/pages\/2586\/revisions"}],"predecessor-version":[{"id":2605,"href":"https:\/\/www.autohouser.cz\/index.php?rest_route=\/wp\/v2\/pages\/2586\/revisions\/2605"}],"wp:attachment":[{"href":"https:\/\/www.autohouser.cz\/index.php?rest_route=%2Fwp%2Fv2%2Fmedia&parent=2586"}],"curies":[{"name":"wp","href":"https:\/\/api.w.org\/{rel}","templated":true}]}}