{"id":2601,"date":"2020-06-01T19:33:57","date_gmt":"2020-06-01T19:33:57","guid":{"rendered":"https:\/\/www.autohouser.cz\/?page_id=2601"},"modified":"2020-06-01T19:39:09","modified_gmt":"2020-06-01T19:39:09","slug":"ford-mondeo","status":"publish","type":"page","link":"https:\/\/www.autohouser.cz\/?page_id=2601","title":{"rendered":"Ford Mondeo"},"content":{"rendered":"\n<div class=\"wp-block-group\"><div class=\"wp-block-group__inner-container is-layout-flow wp-block-group-is-layout-flow\">\n<figure class=\"wp-block-gallery aligncenter columns-3 is-cropped wp-block-gallery-1 is-layout-flex wp-block-gallery-is-layout-flex\"><ul class=\"blocks-gallery-grid\"><li class=\"blocks-gallery-item\"><figure><img loading=\"lazy\" decoding=\"async\" width=\"1600\" height=\"1200\" src=\"https:\/\/www.autohouser.cz\/wp-content\/uploads\/2020\/05\/b90005a0-5b78-4abb-b22d-6b14d04cee05.jpg\" alt=\"\" data-id=\"2580\" data-full-url=\"https:\/\/www.autohouser.cz\/wp-content\/uploads\/2020\/05\/b90005a0-5b78-4abb-b22d-6b14d04cee05.jpg\" data-link=\"https:\/\/www.autohouser.cz\/?attachment_id=2580\" class=\"wp-image-2580\" srcset=\"https:\/\/www.autohouser.cz\/wp-content\/uploads\/2020\/05\/b90005a0-5b78-4abb-b22d-6b14d04cee05.jpg 1600w, https:\/\/www.autohouser.cz\/wp-content\/uploads\/2020\/05\/b90005a0-5b78-4abb-b22d-6b14d04cee05-600x450.jpg 600w, https:\/\/www.autohouser.cz\/wp-content\/uploads\/2020\/05\/b90005a0-5b78-4abb-b22d-6b14d04cee05-300x225.jpg 300w, https:\/\/www.autohouser.cz\/wp-content\/uploads\/2020\/05\/b90005a0-5b78-4abb-b22d-6b14d04cee05-1024x768.jpg 1024w, https:\/\/www.autohouser.cz\/wp-content\/uploads\/2020\/05\/b90005a0-5b78-4abb-b22d-6b14d04cee05-768x576.jpg 768w, https:\/\/www.autohouser.cz\/wp-content\/uploads\/2020\/05\/b90005a0-5b78-4abb-b22d-6b14d04cee05-1536x1152.jpg 1536w, https:\/\/www.autohouser.cz\/wp-content\/uploads\/2020\/05\/b90005a0-5b78-4abb-b22d-6b14d04cee05-1150x863.jpg 1150w, https:\/\/www.autohouser.cz\/wp-content\/uploads\/2020\/05\/b90005a0-5b78-4abb-b22d-6b14d04cee05-770x578.jpg 770w, https:\/\/www.autohouser.cz\/wp-content\/uploads\/2020\/05\/b90005a0-5b78-4abb-b22d-6b14d04cee05-400x300.jpg 400w, https:\/\/www.autohouser.cz\/wp-content\/uploads\/2020\/05\/b90005a0-5b78-4abb-b22d-6b14d04cee05-250x188.jpg 250w\" sizes=\"auto, (max-width: 1600px) 100vw, 1600px\" \/><\/figure><\/li><li class=\"blocks-gallery-item\"><figure><img loading=\"lazy\" decoding=\"async\" width=\"1600\" height=\"1200\" src=\"https:\/\/www.autohouser.cz\/wp-content\/uploads\/2020\/05\/66199e25-6d82-4527-811d-5abc9c032ff9.jpg\" alt=\"\" data-id=\"2577\" data-full-url=\"https:\/\/www.autohouser.cz\/wp-content\/uploads\/2020\/05\/66199e25-6d82-4527-811d-5abc9c032ff9.jpg\" data-link=\"https:\/\/www.autohouser.cz\/?attachment_id=2577\" class=\"wp-image-2577\" srcset=\"https:\/\/www.autohouser.cz\/wp-content\/uploads\/2020\/05\/66199e25-6d82-4527-811d-5abc9c032ff9.jpg 1600w, https:\/\/www.autohouser.cz\/wp-content\/uploads\/2020\/05\/66199e25-6d82-4527-811d-5abc9c032ff9-600x450.jpg 600w, https:\/\/www.autohouser.cz\/wp-content\/uploads\/2020\/05\/66199e25-6d82-4527-811d-5abc9c032ff9-300x225.jpg 300w, https:\/\/www.autohouser.cz\/wp-content\/uploads\/2020\/05\/66199e25-6d82-4527-811d-5abc9c032ff9-1024x768.jpg 1024w, https:\/\/www.autohouser.cz\/wp-content\/uploads\/2020\/05\/66199e25-6d82-4527-811d-5abc9c032ff9-768x576.jpg 768w, https:\/\/www.autohouser.cz\/wp-content\/uploads\/2020\/05\/66199e25-6d82-4527-811d-5abc9c032ff9-1536x1152.jpg 1536w, https:\/\/www.autohouser.cz\/wp-content\/uploads\/2020\/05\/66199e25-6d82-4527-811d-5abc9c032ff9-1150x863.jpg 1150w, https:\/\/www.autohouser.cz\/wp-content\/uploads\/2020\/05\/66199e25-6d82-4527-811d-5abc9c032ff9-770x578.jpg 770w, https:\/\/www.autohouser.cz\/wp-content\/uploads\/2020\/05\/66199e25-6d82-4527-811d-5abc9c032ff9-400x300.jpg 400w, https:\/\/www.autohouser.cz\/wp-content\/uploads\/2020\/05\/66199e25-6d82-4527-811d-5abc9c032ff9-250x188.jpg 250w\" sizes=\"auto, (max-width: 1600px) 100vw, 1600px\" \/><\/figure><\/li><li class=\"blocks-gallery-item\"><figure><img loading=\"lazy\" decoding=\"async\" width=\"1600\" height=\"1200\" src=\"https:\/\/www.autohouser.cz\/wp-content\/uploads\/2020\/05\/9644ddae-4374-45a5-aaa2-642d8ac9ebb1.jpg\" alt=\"\" data-id=\"2576\" data-full-url=\"https:\/\/www.autohouser.cz\/wp-content\/uploads\/2020\/05\/9644ddae-4374-45a5-aaa2-642d8ac9ebb1.jpg\" data-link=\"https:\/\/www.autohouser.cz\/?attachment_id=2576\" class=\"wp-image-2576\" srcset=\"https:\/\/www.autohouser.cz\/wp-content\/uploads\/2020\/05\/9644ddae-4374-45a5-aaa2-642d8ac9ebb1.jpg 1600w, https:\/\/www.autohouser.cz\/wp-content\/uploads\/2020\/05\/9644ddae-4374-45a5-aaa2-642d8ac9ebb1-600x450.jpg 600w, https:\/\/www.autohouser.cz\/wp-content\/uploads\/2020\/05\/9644ddae-4374-45a5-aaa2-642d8ac9ebb1-300x225.jpg 300w, https:\/\/www.autohouser.cz\/wp-content\/uploads\/2020\/05\/9644ddae-4374-45a5-aaa2-642d8ac9ebb1-1024x768.jpg 1024w, https:\/\/www.autohouser.cz\/wp-content\/uploads\/2020\/05\/9644ddae-4374-45a5-aaa2-642d8ac9ebb1-768x576.jpg 768w, https:\/\/www.autohouser.cz\/wp-content\/uploads\/2020\/05\/9644ddae-4374-45a5-aaa2-642d8ac9ebb1-1536x1152.jpg 1536w, https:\/\/www.autohouser.cz\/wp-content\/uploads\/2020\/05\/9644ddae-4374-45a5-aaa2-642d8ac9ebb1-1150x863.jpg 1150w, https:\/\/www.autohouser.cz\/wp-content\/uploads\/2020\/05\/9644ddae-4374-45a5-aaa2-642d8ac9ebb1-770x578.jpg 770w, https:\/\/www.autohouser.cz\/wp-content\/uploads\/2020\/05\/9644ddae-4374-45a5-aaa2-642d8ac9ebb1-400x300.jpg 400w, https:\/\/www.autohouser.cz\/wp-content\/uploads\/2020\/05\/9644ddae-4374-45a5-aaa2-642d8ac9ebb1-250x188.jpg 250w\" sizes=\"auto, (max-width: 1600px) 100vw, 1600px\" \/><\/figure><\/li><li class=\"blocks-gallery-item\"><figure><img loading=\"lazy\" decoding=\"async\" width=\"1600\" height=\"1200\" src=\"https:\/\/www.autohouser.cz\/wp-content\/uploads\/2020\/05\/779c991c-9310-4feb-85e0-685e2daa2bde.jpg\" alt=\"\" data-id=\"2575\" data-full-url=\"https:\/\/www.autohouser.cz\/wp-content\/uploads\/2020\/05\/779c991c-9310-4feb-85e0-685e2daa2bde.jpg\" data-link=\"https:\/\/www.autohouser.cz\/?attachment_id=2575\" class=\"wp-image-2575\" srcset=\"https:\/\/www.autohouser.cz\/wp-content\/uploads\/2020\/05\/779c991c-9310-4feb-85e0-685e2daa2bde.jpg 1600w, https:\/\/www.autohouser.cz\/wp-content\/uploads\/2020\/05\/779c991c-9310-4feb-85e0-685e2daa2bde-600x450.jpg 600w, https:\/\/www.autohouser.cz\/wp-content\/uploads\/2020\/05\/779c991c-9310-4feb-85e0-685e2daa2bde-300x225.jpg 300w, https:\/\/www.autohouser.cz\/wp-content\/uploads\/2020\/05\/779c991c-9310-4feb-85e0-685e2daa2bde-1024x768.jpg 1024w, https:\/\/www.autohouser.cz\/wp-content\/uploads\/2020\/05\/779c991c-9310-4feb-85e0-685e2daa2bde-768x576.jpg 768w, https:\/\/www.autohouser.cz\/wp-content\/uploads\/2020\/05\/779c991c-9310-4feb-85e0-685e2daa2bde-1536x1152.jpg 1536w, https:\/\/www.autohouser.cz\/wp-content\/uploads\/2020\/05\/779c991c-9310-4feb-85e0-685e2daa2bde-1150x863.jpg 1150w, https:\/\/www.autohouser.cz\/wp-content\/uploads\/2020\/05\/779c991c-9310-4feb-85e0-685e2daa2bde-770x578.jpg 770w, https:\/\/www.autohouser.cz\/wp-content\/uploads\/2020\/05\/779c991c-9310-4feb-85e0-685e2daa2bde-400x300.jpg 400w, https:\/\/www.autohouser.cz\/wp-content\/uploads\/2020\/05\/779c991c-9310-4feb-85e0-685e2daa2bde-250x188.jpg 250w\" sizes=\"auto, (max-width: 1600px) 100vw, 1600px\" \/><\/figure><\/li><\/ul><\/figure>\n<\/div><\/div>\n\n\n\n<p><strong>Ford Mondeo <\/strong><br>Cena: 175 000 K\u010d<br>Cena na leasing: 85 000 K\u010d<br><br>Rok v\u00fdroby: 5\/2009<br>V provozu od: 5\/2009<br>Tachometr: 197 854 km<br>Palivo: nafta<br>Objem: 2 000 ccm<br>P\u0159evodovka: automatick\u00e1 (6 stup\u0148ov\u00e1)<br>Klimatizace: automatick\u00e1<\/p>\n\n\n\n<p><strong>Dal\u0161\u00ed informace o aut\u011b<br><\/strong>Motor: v\u00fdkon: 103 kW (140 kon\u00ed)<br>Pln\u00ed EURO: EURO 5<br><br><strong>Historie a dokumenty<br><\/strong>Prvn\u00ed majitel: neuvedeno<br>Servisn\u00ed kn\u00ed\u017eka: neuvedeno<br>Zem\u011b p\u016fvodu: Jin\u00e1<br>V provozu od: 5\/2009<br>STK: 11\/2020<br><br><strong>Specifikace vozu<br><\/strong>Po\u010det airbag\u016f: 7<br>Karoserie: kombi<br>Stav: ojet\u00e9<br>Barva: \u0161ed\u00e1, metal\u00edza<br>Po\u010det dve\u0159\u00ed: 5<br>Po\u010det m\u00edst: 5<br><br><strong>V\u00fdbava<br><\/strong>6 rychlostn\u00edch stup\u0148\u016f<br>ESP <br>posilova\u010d \u0159\u00edzen\u00ed<br>ABS <br>isofix <br>protiprokluzov\u00fd syst\u00e9m kol (ASR)<br>autor\u00e1dio <br>lit\u00e1 kola <br>senzor st\u011bra\u010d\u016f<br>centr\u00e1ln\u00ed zamyk\u00e1n\u00ed <br>mlhovky <br>st\u0159e\u0161n\u00ed nosi\u010d<br>d\u00e1lkov\u00e9 centr\u00e1ln\u00ed zamyk\u00e1n\u00ed <br>multifunk\u010dn\u00ed volant <br>t\u00f3novan\u00e1 skla<br>el. ovl\u00e1d\u00e1n\u00ed oken <br>palubn\u00ed po\u010d\u00edta\u010d<br>el. ovl\u00e1d\u00e1n\u00ed zrc\u00e1tek <br>el. ovl\u00e1d\u00e1n\u00ed zrc\u00e1tekparkovac\u00ed senzory<\/p>\n","protected":false},"excerpt":{"rendered":"<p>Ford Mondeo Cena: 175 000 K\u010dCena na leasing: 85 000 K\u010d Rok v\u00fdroby: 5\/2009V provozu od: 5\/2009Tachometr: 197 854 kmPalivo: naftaObjem: 2 000 ccmP\u0159evodovka: automatick\u00e1 (6 stup\u0148ov\u00e1)Klimatizace: automatick\u00e1 Dal\u0161\u00ed informace o aut\u011bMotor: v\u00fdkon: 103 kW (140 kon\u00ed)Pln\u00ed EURO: EURO 5 Historie a dokumentyPrvn\u00ed majitel: neuvedenoServisn\u00ed kn\u00ed\u017eka: neuvedenoZem\u011b p\u016fvodu: Jin\u00e1V provozu od: 5\/2009STK: 11\/2020 Specifikace vozuPo\u010det [&hellip;]<\/p>\n","protected":false},"author":4,"featured_media":0,"parent":0,"menu_order":0,"comment_status":"closed","ping_status":"closed","template":"","meta":{"footnotes":""},"class_list":["post-2601","page","type-page","status-publish","hentry"],"_links":{"self":[{"href":"https:\/\/www.autohouser.cz\/index.php?rest_route=\/wp\/v2\/pages\/2601","targetHints":{"allow":["GET"]}}],"collection":[{"href":"https:\/\/www.autohouser.cz\/index.php?rest_route=\/wp\/v2\/pages"}],"about":[{"href":"https:\/\/www.autohouser.cz\/index.php?rest_route=\/wp\/v2\/types\/page"}],"author":[{"embeddable":true,"href":"https:\/\/www.autohouser.cz\/index.php?rest_route=\/wp\/v2\/users\/4"}],"replies":[{"embeddable":true,"href":"https:\/\/www.autohouser.cz\/index.php?rest_route=%2Fwp%2Fv2%2Fcomments&post=2601"}],"version-history":[{"count":2,"href":"https:\/\/www.autohouser.cz\/index.php?rest_route=\/wp\/v2\/pages\/2601\/revisions"}],"predecessor-version":[{"id":2606,"href":"https:\/\/www.autohouser.cz\/index.php?rest_route=\/wp\/v2\/pages\/2601\/revisions\/2606"}],"wp:attachment":[{"href":"https:\/\/www.autohouser.cz\/index.php?rest_route=%2Fwp%2Fv2%2Fmedia&parent=2601"}],"curies":[{"name":"wp","href":"https:\/\/api.w.org\/{rel}","templated":true}]}}