{"id":2607,"date":"2020-06-01T19:43:59","date_gmt":"2020-06-01T19:43:59","guid":{"rendered":"https:\/\/www.autohouser.cz\/?page_id=2607"},"modified":"2020-06-01T19:44:26","modified_gmt":"2020-06-01T19:44:26","slug":"renault-clio","status":"publish","type":"page","link":"https:\/\/www.autohouser.cz\/?page_id=2607","title":{"rendered":"Renault Clio"},"content":{"rendered":"\n<div class=\"wp-block-group\"><div class=\"wp-block-group__inner-container is-layout-flow wp-block-group-is-layout-flow\">\n<figure class=\"wp-block-gallery aligncenter columns-0 is-cropped wp-block-gallery-1 is-layout-flex wp-block-gallery-is-layout-flex\"><ul class=\"blocks-gallery-grid\"><li class=\"blocks-gallery-item\"><figure><img loading=\"lazy\" decoding=\"async\" width=\"1600\" height=\"1200\" src=\"https:\/\/www.autohouser.cz\/wp-content\/uploads\/2020\/05\/a12d3d29-7720-48c9-a6fb-090716f074ca.jpg\" alt=\"\" data-id=\"2578\" data-full-url=\"https:\/\/www.autohouser.cz\/wp-content\/uploads\/2020\/05\/a12d3d29-7720-48c9-a6fb-090716f074ca.jpg\" data-link=\"https:\/\/www.autohouser.cz\/?attachment_id=2578\" class=\"wp-image-2578\" srcset=\"https:\/\/www.autohouser.cz\/wp-content\/uploads\/2020\/05\/a12d3d29-7720-48c9-a6fb-090716f074ca.jpg 1600w, https:\/\/www.autohouser.cz\/wp-content\/uploads\/2020\/05\/a12d3d29-7720-48c9-a6fb-090716f074ca-600x450.jpg 600w, https:\/\/www.autohouser.cz\/wp-content\/uploads\/2020\/05\/a12d3d29-7720-48c9-a6fb-090716f074ca-300x225.jpg 300w, https:\/\/www.autohouser.cz\/wp-content\/uploads\/2020\/05\/a12d3d29-7720-48c9-a6fb-090716f074ca-1024x768.jpg 1024w, https:\/\/www.autohouser.cz\/wp-content\/uploads\/2020\/05\/a12d3d29-7720-48c9-a6fb-090716f074ca-768x576.jpg 768w, https:\/\/www.autohouser.cz\/wp-content\/uploads\/2020\/05\/a12d3d29-7720-48c9-a6fb-090716f074ca-1536x1152.jpg 1536w, https:\/\/www.autohouser.cz\/wp-content\/uploads\/2020\/05\/a12d3d29-7720-48c9-a6fb-090716f074ca-1150x863.jpg 1150w, https:\/\/www.autohouser.cz\/wp-content\/uploads\/2020\/05\/a12d3d29-7720-48c9-a6fb-090716f074ca-770x578.jpg 770w, https:\/\/www.autohouser.cz\/wp-content\/uploads\/2020\/05\/a12d3d29-7720-48c9-a6fb-090716f074ca-400x300.jpg 400w, https:\/\/www.autohouser.cz\/wp-content\/uploads\/2020\/05\/a12d3d29-7720-48c9-a6fb-090716f074ca-250x188.jpg 250w\" sizes=\"auto, (max-width: 1600px) 100vw, 1600px\" \/><\/figure><\/li><li class=\"blocks-gallery-item\"><figure><img loading=\"lazy\" decoding=\"async\" width=\"1600\" height=\"1200\" src=\"https:\/\/www.autohouser.cz\/wp-content\/uploads\/2020\/05\/13a41f33-5d36-45bc-ab7e-785317f7c648.jpg\" alt=\"\" data-id=\"2573\" data-full-url=\"https:\/\/www.autohouser.cz\/wp-content\/uploads\/2020\/05\/13a41f33-5d36-45bc-ab7e-785317f7c648.jpg\" data-link=\"https:\/\/www.autohouser.cz\/?attachment_id=2573\" class=\"wp-image-2573\" srcset=\"https:\/\/www.autohouser.cz\/wp-content\/uploads\/2020\/05\/13a41f33-5d36-45bc-ab7e-785317f7c648.jpg 1600w, https:\/\/www.autohouser.cz\/wp-content\/uploads\/2020\/05\/13a41f33-5d36-45bc-ab7e-785317f7c648-600x450.jpg 600w, https:\/\/www.autohouser.cz\/wp-content\/uploads\/2020\/05\/13a41f33-5d36-45bc-ab7e-785317f7c648-300x225.jpg 300w, https:\/\/www.autohouser.cz\/wp-content\/uploads\/2020\/05\/13a41f33-5d36-45bc-ab7e-785317f7c648-1024x768.jpg 1024w, https:\/\/www.autohouser.cz\/wp-content\/uploads\/2020\/05\/13a41f33-5d36-45bc-ab7e-785317f7c648-768x576.jpg 768w, https:\/\/www.autohouser.cz\/wp-content\/uploads\/2020\/05\/13a41f33-5d36-45bc-ab7e-785317f7c648-1536x1152.jpg 1536w, https:\/\/www.autohouser.cz\/wp-content\/uploads\/2020\/05\/13a41f33-5d36-45bc-ab7e-785317f7c648-1150x863.jpg 1150w, https:\/\/www.autohouser.cz\/wp-content\/uploads\/2020\/05\/13a41f33-5d36-45bc-ab7e-785317f7c648-770x578.jpg 770w, https:\/\/www.autohouser.cz\/wp-content\/uploads\/2020\/05\/13a41f33-5d36-45bc-ab7e-785317f7c648-400x300.jpg 400w, https:\/\/www.autohouser.cz\/wp-content\/uploads\/2020\/05\/13a41f33-5d36-45bc-ab7e-785317f7c648-250x188.jpg 250w\" sizes=\"auto, (max-width: 1600px) 100vw, 1600px\" \/><\/figure><\/li><\/ul><\/figure>\n<\/div><\/div>\n\n\n\n<p><strong>Renault Clio<\/strong><br>Cena: 88 000 K\u010d<br>Rok v\u00fdroby: 10\/2009<br>V provozu od: 10\/2009<br>Tachometr: 42 619 km<br>Palivo: benz\u00edn<br>Objem: 1 149 ccm<br>P\u0159evodovka: manu\u00e1ln\u00ed (5 stup\u0148ov\u00e1)<br>Klimatizace: manu\u00e1ln\u00ed<\/p>\n\n\n\n<p><strong>Dal\u0161\u00ed informace o aut\u011b<br><\/strong>Motor: v\u00fdkon: 48 kW (65 kon\u00ed)<br>Pr\u016fm\u011brn\u00e1 spot\u0159eba: 5.9 l\/100 km<br><br><strong>Historie a dokumenty<br><\/strong>Prvn\u00ed majitel: ano<br>Servisn\u00ed kn\u00ed\u017eka: ano<br>Zem\u011b p\u016fvodu: \u010cesk\u00e1 republika<br>V provozu od: 10\/2009<br>STK: 10\/2021<br><br><strong>Specifikace vozu<br><\/strong>Karoserie: hatchback<br>Stav: ojet\u00e9<br>Barva: \u010derven\u00e1, z\u00e1kladn\u00ed<br>Po\u010det dve\u0159\u00ed: 3<br>Po\u010det m\u00edst: 5<\/p>\n\n\n\n<p><strong>V\u00fdbava<br><\/strong>imobiliz\u00e9r<br>ta\u017en\u00e9 za\u0159\u00edzen\u00ed<br>CD p\u0159ehr\u00e1va\u010d<br>manu\u00e1ln\u00ed klimatizace <br>t\u00f3novan\u00e1 skla<br>d\u00e1lkov\u00e9 centr\u00e1ln\u00ed zamyk\u00e1n\u00ed <br>nastaviteln\u00fd volant <br>USB<br>el. ovl\u00e1d\u00e1n\u00ed oken <br>palubn\u00ed po\u010d\u00edta\u010d <br>zadn\u00ed st\u011bra\u010d<br>el. ovl\u00e1d\u00e1n\u00ed zrc\u00e1tek <br>posilova\u010d \u0159\u00edzen\u00ed<\/p>\n","protected":false},"excerpt":{"rendered":"<p>Renault ClioCena: 88 000 K\u010dRok v\u00fdroby: 10\/2009V provozu od: 10\/2009Tachometr: 42 619 kmPalivo: benz\u00ednObjem: 1 149 ccmP\u0159evodovka: manu\u00e1ln\u00ed (5 stup\u0148ov\u00e1)Klimatizace: manu\u00e1ln\u00ed Dal\u0161\u00ed informace o aut\u011bMotor: v\u00fdkon: 48 kW (65 kon\u00ed)Pr\u016fm\u011brn\u00e1 spot\u0159eba: 5.9 l\/100 km Historie a dokumentyPrvn\u00ed majitel: anoServisn\u00ed kn\u00ed\u017eka: anoZem\u011b p\u016fvodu: \u010cesk\u00e1 republikaV provozu od: 10\/2009STK: 10\/2021 Specifikace vozuKaroserie: hatchbackStav: ojet\u00e9Barva: \u010derven\u00e1, z\u00e1kladn\u00edPo\u010det dve\u0159\u00ed: [&hellip;]<\/p>\n","protected":false},"author":4,"featured_media":0,"parent":0,"menu_order":0,"comment_status":"closed","ping_status":"closed","template":"","meta":{"footnotes":""},"class_list":["post-2607","page","type-page","status-publish","hentry"],"_links":{"self":[{"href":"https:\/\/www.autohouser.cz\/index.php?rest_route=\/wp\/v2\/pages\/2607","targetHints":{"allow":["GET"]}}],"collection":[{"href":"https:\/\/www.autohouser.cz\/index.php?rest_route=\/wp\/v2\/pages"}],"about":[{"href":"https:\/\/www.autohouser.cz\/index.php?rest_route=\/wp\/v2\/types\/page"}],"author":[{"embeddable":true,"href":"https:\/\/www.autohouser.cz\/index.php?rest_route=\/wp\/v2\/users\/4"}],"replies":[{"embeddable":true,"href":"https:\/\/www.autohouser.cz\/index.php?rest_route=%2Fwp%2Fv2%2Fcomments&post=2607"}],"version-history":[{"count":2,"href":"https:\/\/www.autohouser.cz\/index.php?rest_route=\/wp\/v2\/pages\/2607\/revisions"}],"predecessor-version":[{"id":2609,"href":"https:\/\/www.autohouser.cz\/index.php?rest_route=\/wp\/v2\/pages\/2607\/revisions\/2609"}],"wp:attachment":[{"href":"https:\/\/www.autohouser.cz\/index.php?rest_route=%2Fwp%2Fv2%2Fmedia&parent=2607"}],"curies":[{"name":"wp","href":"https:\/\/api.w.org\/{rel}","templated":true}]}}