{"id":2613,"date":"2020-06-01T19:51:36","date_gmt":"2020-06-01T19:51:36","guid":{"rendered":"https:\/\/www.autohouser.cz\/?page_id=2613"},"modified":"2020-06-01T19:51:37","modified_gmt":"2020-06-01T19:51:37","slug":"renault-laguna","status":"publish","type":"page","link":"https:\/\/www.autohouser.cz\/?page_id=2613","title":{"rendered":"Renault Laguna"},"content":{"rendered":"\n<div class=\"wp-block-group\"><div class=\"wp-block-group__inner-container is-layout-flow wp-block-group-is-layout-flow\">\n<figure class=\"wp-block-gallery aligncenter columns-3 is-cropped wp-block-gallery-1 is-layout-flex wp-block-gallery-is-layout-flex\"><ul class=\"blocks-gallery-grid\"><li class=\"blocks-gallery-item\"><figure><img loading=\"lazy\" decoding=\"async\" width=\"1600\" height=\"1200\" src=\"https:\/\/www.autohouser.cz\/wp-content\/uploads\/2020\/05\/f5aa7ef9-f75b-4be7-8f62-b644c5d514e4.jpg\" alt=\"\" data-id=\"2581\" data-full-url=\"https:\/\/www.autohouser.cz\/wp-content\/uploads\/2020\/05\/f5aa7ef9-f75b-4be7-8f62-b644c5d514e4.jpg\" data-link=\"https:\/\/www.autohouser.cz\/?attachment_id=2581\" class=\"wp-image-2581\" srcset=\"https:\/\/www.autohouser.cz\/wp-content\/uploads\/2020\/05\/f5aa7ef9-f75b-4be7-8f62-b644c5d514e4.jpg 1600w, https:\/\/www.autohouser.cz\/wp-content\/uploads\/2020\/05\/f5aa7ef9-f75b-4be7-8f62-b644c5d514e4-600x450.jpg 600w, https:\/\/www.autohouser.cz\/wp-content\/uploads\/2020\/05\/f5aa7ef9-f75b-4be7-8f62-b644c5d514e4-300x225.jpg 300w, https:\/\/www.autohouser.cz\/wp-content\/uploads\/2020\/05\/f5aa7ef9-f75b-4be7-8f62-b644c5d514e4-1024x768.jpg 1024w, https:\/\/www.autohouser.cz\/wp-content\/uploads\/2020\/05\/f5aa7ef9-f75b-4be7-8f62-b644c5d514e4-768x576.jpg 768w, https:\/\/www.autohouser.cz\/wp-content\/uploads\/2020\/05\/f5aa7ef9-f75b-4be7-8f62-b644c5d514e4-1536x1152.jpg 1536w, https:\/\/www.autohouser.cz\/wp-content\/uploads\/2020\/05\/f5aa7ef9-f75b-4be7-8f62-b644c5d514e4-1150x863.jpg 1150w, https:\/\/www.autohouser.cz\/wp-content\/uploads\/2020\/05\/f5aa7ef9-f75b-4be7-8f62-b644c5d514e4-770x578.jpg 770w, https:\/\/www.autohouser.cz\/wp-content\/uploads\/2020\/05\/f5aa7ef9-f75b-4be7-8f62-b644c5d514e4-400x300.jpg 400w, https:\/\/www.autohouser.cz\/wp-content\/uploads\/2020\/05\/f5aa7ef9-f75b-4be7-8f62-b644c5d514e4-250x188.jpg 250w\" sizes=\"auto, (max-width: 1600px) 100vw, 1600px\" \/><\/figure><\/li><li class=\"blocks-gallery-item\"><figure><img loading=\"lazy\" decoding=\"async\" width=\"1600\" height=\"1200\" src=\"https:\/\/www.autohouser.cz\/wp-content\/uploads\/2020\/05\/91b377c9-ea02-4926-9421-e78b3138dcc4.jpg\" alt=\"\" data-id=\"2574\" data-full-url=\"https:\/\/www.autohouser.cz\/wp-content\/uploads\/2020\/05\/91b377c9-ea02-4926-9421-e78b3138dcc4.jpg\" data-link=\"https:\/\/www.autohouser.cz\/?attachment_id=2574\" class=\"wp-image-2574\" srcset=\"https:\/\/www.autohouser.cz\/wp-content\/uploads\/2020\/05\/91b377c9-ea02-4926-9421-e78b3138dcc4.jpg 1600w, https:\/\/www.autohouser.cz\/wp-content\/uploads\/2020\/05\/91b377c9-ea02-4926-9421-e78b3138dcc4-600x450.jpg 600w, https:\/\/www.autohouser.cz\/wp-content\/uploads\/2020\/05\/91b377c9-ea02-4926-9421-e78b3138dcc4-300x225.jpg 300w, https:\/\/www.autohouser.cz\/wp-content\/uploads\/2020\/05\/91b377c9-ea02-4926-9421-e78b3138dcc4-1024x768.jpg 1024w, https:\/\/www.autohouser.cz\/wp-content\/uploads\/2020\/05\/91b377c9-ea02-4926-9421-e78b3138dcc4-768x576.jpg 768w, https:\/\/www.autohouser.cz\/wp-content\/uploads\/2020\/05\/91b377c9-ea02-4926-9421-e78b3138dcc4-1536x1152.jpg 1536w, https:\/\/www.autohouser.cz\/wp-content\/uploads\/2020\/05\/91b377c9-ea02-4926-9421-e78b3138dcc4-1150x863.jpg 1150w, https:\/\/www.autohouser.cz\/wp-content\/uploads\/2020\/05\/91b377c9-ea02-4926-9421-e78b3138dcc4-770x578.jpg 770w, https:\/\/www.autohouser.cz\/wp-content\/uploads\/2020\/05\/91b377c9-ea02-4926-9421-e78b3138dcc4-400x300.jpg 400w, https:\/\/www.autohouser.cz\/wp-content\/uploads\/2020\/05\/91b377c9-ea02-4926-9421-e78b3138dcc4-250x188.jpg 250w\" sizes=\"auto, (max-width: 1600px) 100vw, 1600px\" \/><\/figure><\/li><li class=\"blocks-gallery-item\"><figure><img loading=\"lazy\" decoding=\"async\" width=\"1600\" height=\"1200\" src=\"https:\/\/www.autohouser.cz\/wp-content\/uploads\/2020\/05\/0b2f8096-ef66-47c7-bfed-d8b279d37b5a.jpg\" alt=\"\" data-id=\"2570\" data-full-url=\"https:\/\/www.autohouser.cz\/wp-content\/uploads\/2020\/05\/0b2f8096-ef66-47c7-bfed-d8b279d37b5a.jpg\" data-link=\"https:\/\/www.autohouser.cz\/?attachment_id=2570\" class=\"wp-image-2570\" srcset=\"https:\/\/www.autohouser.cz\/wp-content\/uploads\/2020\/05\/0b2f8096-ef66-47c7-bfed-d8b279d37b5a.jpg 1600w, https:\/\/www.autohouser.cz\/wp-content\/uploads\/2020\/05\/0b2f8096-ef66-47c7-bfed-d8b279d37b5a-600x450.jpg 600w, https:\/\/www.autohouser.cz\/wp-content\/uploads\/2020\/05\/0b2f8096-ef66-47c7-bfed-d8b279d37b5a-300x225.jpg 300w, https:\/\/www.autohouser.cz\/wp-content\/uploads\/2020\/05\/0b2f8096-ef66-47c7-bfed-d8b279d37b5a-1024x768.jpg 1024w, https:\/\/www.autohouser.cz\/wp-content\/uploads\/2020\/05\/0b2f8096-ef66-47c7-bfed-d8b279d37b5a-768x576.jpg 768w, https:\/\/www.autohouser.cz\/wp-content\/uploads\/2020\/05\/0b2f8096-ef66-47c7-bfed-d8b279d37b5a-1536x1152.jpg 1536w, https:\/\/www.autohouser.cz\/wp-content\/uploads\/2020\/05\/0b2f8096-ef66-47c7-bfed-d8b279d37b5a-1150x863.jpg 1150w, https:\/\/www.autohouser.cz\/wp-content\/uploads\/2020\/05\/0b2f8096-ef66-47c7-bfed-d8b279d37b5a-770x578.jpg 770w, https:\/\/www.autohouser.cz\/wp-content\/uploads\/2020\/05\/0b2f8096-ef66-47c7-bfed-d8b279d37b5a-400x300.jpg 400w, https:\/\/www.autohouser.cz\/wp-content\/uploads\/2020\/05\/0b2f8096-ef66-47c7-bfed-d8b279d37b5a-250x188.jpg 250w\" sizes=\"auto, (max-width: 1600px) 100vw, 1600px\" \/><\/figure><\/li><\/ul><\/figure>\n<\/div><\/div>\n\n\n\n<p><strong>Renault Laguna<br><\/strong>Cena: 69 900 K\u010d<br><br>Rok v\u00fdroby: 5\/2005<br>V provozu od: 5\/2005<br>Tachometr: 157 200 km<br>Palivo: benz\u00edn<br>Objem: 1 998 ccm<br>P\u0159evodovka: manu\u00e1ln\u00ed<br>Klimatizace: automatick\u00e1<\/p>\n\n\n\n<p><strong>Dal\u0161\u00ed informace o aut\u011b<br><\/strong>Motor: v\u00fdkon: 98 kW (133 kon\u00ed)<br>Pln\u00ed EURO: EURO 3<br><br><strong>Historie a dokumenty<br><\/strong>Prvn\u00ed majitel: ano<br>Servisn\u00ed kn\u00ed\u017eka: neuvedeno<br>Zem\u011b p\u016fvodu: N\u011bmecko<br>V provozu od: 5\/2005<br>STK: 5\/2021<br><br><strong>Specifikace vozu<br><\/strong>Po\u010det airbag\u016f: 6<br>Karoserie: liftback<br>Stav: ojet\u00e9<br>Barva: \u017elut\u00e1, metal\u00edza<br>Po\u010det dve\u0159\u00ed: 5<br>Po\u010det m\u00edst: 5<br><br><strong>V\u00fdbava<br><\/strong>ABS <br>ESP <br>protiprokluzov\u00fd syst\u00e9m kol (ASR)<br>autor\u00e1dio <br>imobiliz\u00e9r <br>senzor st\u011bra\u010d\u016f<br>CD p\u0159ehr\u00e1va\u010d<br>lit\u00e1 kola<br>senzor tlaku v pneumatik\u00e1ch<br>d\u00e1lkov\u00e9 centr\u00e1ln\u00ed zamyk\u00e1n\u00ed<br>mlhovky<br>ta\u017en\u00e9 za\u0159\u00edzen\u00ed<br>deaktivace airbagu spolujezdce<br>multifunk\u010dn\u00ed volant<br>tempomat<br>d\u011blen\u00e1 zadn\u00ed sedadla<br>nastaviteln\u00fd volant<br>venkovn\u00ed teplom\u011br<br>el. ovl\u00e1d\u00e1n\u00ed oken<br>palubn\u00ed po\u010d\u00edta\u010d<br>v\u00fd\u0161kov\u011b nastaviteln\u00e9 sedadlo \u0159idi\u010de<br>el. ovl\u00e1d\u00e1n\u00ed zrc\u00e1tek<br>posilova\u010d \u0159\u00edzen\u00ed <br>xenony<\/p>\n","protected":false},"excerpt":{"rendered":"<p>Renault LagunaCena: 69 900 K\u010d Rok v\u00fdroby: 5\/2005V provozu od: 5\/2005Tachometr: 157 200 kmPalivo: benz\u00ednObjem: 1 998 ccmP\u0159evodovka: manu\u00e1ln\u00edKlimatizace: automatick\u00e1 Dal\u0161\u00ed informace o aut\u011bMotor: v\u00fdkon: 98 kW (133 kon\u00ed)Pln\u00ed EURO: EURO 3 Historie a dokumentyPrvn\u00ed majitel: anoServisn\u00ed kn\u00ed\u017eka: neuvedenoZem\u011b p\u016fvodu: N\u011bmeckoV provozu od: 5\/2005STK: 5\/2021 Specifikace vozuPo\u010det airbag\u016f: 6Karoserie: liftbackStav: ojet\u00e9Barva: \u017elut\u00e1, metal\u00edzaPo\u010det dve\u0159\u00ed: 5Po\u010det [&hellip;]<\/p>\n","protected":false},"author":4,"featured_media":0,"parent":0,"menu_order":0,"comment_status":"closed","ping_status":"closed","template":"","meta":{"footnotes":""},"class_list":["post-2613","page","type-page","status-publish","hentry"],"_links":{"self":[{"href":"https:\/\/www.autohouser.cz\/index.php?rest_route=\/wp\/v2\/pages\/2613","targetHints":{"allow":["GET"]}}],"collection":[{"href":"https:\/\/www.autohouser.cz\/index.php?rest_route=\/wp\/v2\/pages"}],"about":[{"href":"https:\/\/www.autohouser.cz\/index.php?rest_route=\/wp\/v2\/types\/page"}],"author":[{"embeddable":true,"href":"https:\/\/www.autohouser.cz\/index.php?rest_route=\/wp\/v2\/users\/4"}],"replies":[{"embeddable":true,"href":"https:\/\/www.autohouser.cz\/index.php?rest_route=%2Fwp%2Fv2%2Fcomments&post=2613"}],"version-history":[{"count":1,"href":"https:\/\/www.autohouser.cz\/index.php?rest_route=\/wp\/v2\/pages\/2613\/revisions"}],"predecessor-version":[{"id":2614,"href":"https:\/\/www.autohouser.cz\/index.php?rest_route=\/wp\/v2\/pages\/2613\/revisions\/2614"}],"wp:attachment":[{"href":"https:\/\/www.autohouser.cz\/index.php?rest_route=%2Fwp%2Fv2%2Fmedia&parent=2613"}],"curies":[{"name":"wp","href":"https:\/\/api.w.org\/{rel}","templated":true}]}}